{"id":988,"date":"2022-11-15T10:49:30","date_gmt":"2022-11-15T10:49:30","guid":{"rendered":"https:\/\/edrusbg.com\/de\/?page_id=988"},"modified":"2025-10-24T17:22:36","modified_gmt":"2025-10-24T17:22:36","slug":"how-to-apply","status":"publish","type":"page","link":"https:\/\/edrusbg.com\/de\/how-to-apply\/","title":{"rendered":"Bewerbung"},"content":{"rendered":"\t\t<div data-elementor-type=\"wp-page\" data-elementor-id=\"988\" class=\"elementor elementor-988\">\n\t\t\t\t\t\t<section class=\"elementor-section elementor-top-section elementor-element elementor-element-5aebe404 elementor-section-boxed elementor-section-height-default elementor-section-height-default\" data-id=\"5aebe404\" data-element_type=\"section\" data-e-type=\"section\">\n\t\t\t\t\t\t<div class=\"elementor-container elementor-column-gap-default\">\n\t\t\t\t\t<div class=\"elementor-column elementor-col-100 elementor-top-column elementor-element elementor-element-365ff76c\" data-id=\"365ff76c\" data-element_type=\"column\" data-e-type=\"column\">\n\t\t\t<div class=\"elementor-widget-wrap elementor-element-populated\">\n\t\t\t\t\t\t<div class=\"elementor-element elementor-element-536483e2 elementor-widget__width-initial elementor-widget elementor-widget-text-editor\" data-id=\"536483e2\" data-element_type=\"widget\" data-e-type=\"widget\" data-widget_type=\"text-editor.default\">\n\t\t\t\t<div class=\"elementor-widget-container\">\n\t\t\t\t\t\t\t\t\t<h3>Bewerbung \u2013 Studieren in Bulgarien 2026<\/h3>\n<h5>Wie bewirbt man sich an bulgarischen Universit\u00e4ten?<\/h5>\n<p data-start=\"286\" data-end=\"492\">Planen Sie, <strong data-start=\"298\" data-end=\"327\">in Bulgarien zu studieren<\/strong>? Unser Schritt-f\u00fcr-Schritt-Leitfaden zeigt, wie Sie sich erfolgreich an <strong data-start=\"400\" data-end=\"430\">bulgarischen Universit\u00e4ten<\/strong> bewerben und einen Platz in Ihrem Wunschstudiengang erhalten.<\/p>\n<p data-start=\"494\" data-end=\"648\">Egal, ob <strong data-start=\"503\" data-end=\"577\">Medizin, Zahnmedizin, Pharmazie, Informatik, BWL oder Maritime Studien<\/strong>, wir begleiten Sie von der Studienwahl bis zum <strong data-start=\"625\" data-end=\"647\">Zulassungsbescheid<\/strong>.<\/p>\n<hr data-start=\"650\" data-end=\"653\">\n<h5>Schritt 1: W\u00e4hlen Sie das passende Studienprogramm<\/h5>\n<p data-start=\"710\" data-end=\"771\">\u00dcberlegen Sie, welche F\u00e4cher und Karrieren Sie interessieren:<\/p>\n<ul data-start=\"773\" data-end=\"923\">\n<li data-start=\"773\" data-end=\"784\">\n<p data-start=\"775\" data-end=\"784\">Medizin<\/p>\n<\/li>\n<li data-start=\"785\" data-end=\"800\">\n<p data-start=\"787\" data-end=\"800\">Zahnmedizin<\/p>\n<\/li>\n<li data-start=\"801\" data-end=\"814\">\n<p data-start=\"803\" data-end=\"814\">Pharmazie<\/p>\n<\/li>\n<li data-start=\"815\" data-end=\"853\">\n<p data-start=\"817\" data-end=\"853\">Navigation \/ Schiffsingenieurwesen<\/p>\n<\/li>\n<li data-start=\"854\" data-end=\"887\">\n<p data-start=\"856\" data-end=\"887\">Informatik \/ Computer Science<\/p>\n<\/li>\n<li data-start=\"888\" data-end=\"923\">\n<p data-start=\"890\" data-end=\"923\">Betriebswirtschaft &amp; Management<\/p>\n<\/li>\n<\/ul>\n<p data-start=\"925\" data-end=\"1049\">Die meisten arabischen Studierenden w\u00e4hlen medizinische Programme, aber Bulgarien bietet viele praxisorientierte Optionen.<\/p>\n<p data-start=\"1051\" data-end=\"1148\"><strong data-start=\"1051\" data-end=\"1066\">Unser Tipp:<\/strong> Nutzen Sie unsere kostenlose Beratung, um das passende Studienprogramm zu finden.<\/p>\n<hr data-start=\"1150\" data-end=\"1153\">\n<h5>Schritt 2: Verstehen Sie die Zulassungsvoraussetzungen<\/h5>\n<p data-start=\"1214\" data-end=\"1280\">Die Anforderungen variieren je nach Universit\u00e4t und Studiengang:<\/p>\n<ul data-start=\"1282\" data-end=\"1437\">\n<li data-start=\"1282\" data-end=\"1340\">\n<p data-start=\"1284\" data-end=\"1340\">Aufnahmepr\u00fcfungen (z.\u202fB. Biologie, Chemie f\u00fcr Medizin)<\/p>\n<\/li>\n<li data-start=\"1341\" data-end=\"1388\">\n<p data-start=\"1343\" data-end=\"1388\">Mindestnoten oder GPA in relevanten F\u00e4chern<\/p>\n<\/li>\n<li data-start=\"1389\" data-end=\"1437\">\n<p data-start=\"1391\" data-end=\"1437\">Sprachzertifikate (Englisch oder Bulgarisch)<\/p>\n<\/li>\n<\/ul>\n<p data-start=\"1439\" data-end=\"1603\"><strong data-start=\"1439\" data-end=\"1451\">Hinweis:<\/strong> EU- und Nicht-EU-Studierende unterliegen unterschiedlichen Zulassungsregeln. Wir helfen Ihnen, die genauen Voraussetzungen f\u00fcr Ihr Profil zu verstehen.<\/p>\n<hr data-start=\"1605\" data-end=\"1608\">\n<h5>Schritt 3: Bereiten Sie die erforderlichen Unterlagen vor<\/h5>\n<p data-start=\"1672\" data-end=\"1704\">Wichtige Bewerbungsunterlagen:<\/p>\n<ul data-start=\"1706\" data-end=\"2081\">\n<li data-start=\"1706\" data-end=\"1757\">\n<p data-start=\"1708\" data-end=\"1757\">Ausgef\u00fclltes Bewerbungsformular der Universit\u00e4t<\/p>\n<\/li>\n<li data-start=\"1758\" data-end=\"1814\">\n<p data-start=\"1760\" data-end=\"1814\">Original oder beglaubigte Kopie des Abiturzeugnisses<\/p>\n<\/li>\n<li data-start=\"1815\" data-end=\"1857\">\n<p data-start=\"1817\" data-end=\"1857\">Zeugnis\u00fcbersicht mit Noten und F\u00e4chern<\/p>\n<\/li>\n<li data-start=\"1858\" data-end=\"1900\">\n<p data-start=\"1860\" data-end=\"1900\">Bescheinigung \u00fcber Studienberechtigung<\/p>\n<\/li>\n<li data-start=\"1901\" data-end=\"1948\">\n<p data-start=\"1903\" data-end=\"1948\">\u00c4rztliches Attest (nicht \u00e4lter als 1 Monat)<\/p>\n<\/li>\n<li data-start=\"1949\" data-end=\"2022\">\n<p data-start=\"1951\" data-end=\"2022\">Kopie des Reisepasses oder Personalausweises (lateinische Buchstaben)<\/p>\n<\/li>\n<li data-start=\"2023\" data-end=\"2041\">\n<p data-start=\"2025\" data-end=\"2041\">Zwei Passfotos<\/p>\n<\/li>\n<li data-start=\"2042\" data-end=\"2081\">\n<p data-start=\"2044\" data-end=\"2081\">Sprachzertifikate (falls vorhanden)<\/p>\n<\/li>\n<\/ul>\n<p data-start=\"2083\" data-end=\"2183\"><strong data-start=\"2083\" data-end=\"2092\">Tipp:<\/strong> Wir unterst\u00fctzen Sie bei <strong data-start=\"2118\" data-end=\"2166\">\u00dcbersetzung, Notarisierung und Legalisierung<\/strong> aller Dokumente.<\/p>\n<hr data-start=\"2185\" data-end=\"2188\">\n<h5>Schritt 4: Universit\u00e4tspr\u00fcfung und Zulassung<\/h5>\n<p data-start=\"2239\" data-end=\"2377\">Nach Einreichung der Unterlagen und ggf. bestandener Aufnahmepr\u00fcfung pr\u00fcft die Universit\u00e4t Ihre Bewerbung. Die Entscheidung basiert auf:<\/p>\n<ul data-start=\"2379\" data-end=\"2540\">\n<li data-start=\"2379\" data-end=\"2440\">\n<p data-start=\"2381\" data-end=\"2440\">Schulischen Leistungen (insbesondere Naturwissenschaften)<\/p>\n<\/li>\n<li data-start=\"2441\" data-end=\"2503\">\n<p data-start=\"2443\" data-end=\"2503\">Aufnahmepr\u00fcfungsergebnissen (bei bestimmten Studieng\u00e4ngen)<\/p>\n<\/li>\n<li data-start=\"2504\" data-end=\"2540\">\n<p data-start=\"2506\" data-end=\"2540\">Verf\u00fcgbarkeit von Studienpl\u00e4tzen<\/p>\n<\/li>\n<\/ul>\n<p data-start=\"2542\" data-end=\"2622\"><strong data-start=\"2542\" data-end=\"2557\">Ergebnisse:<\/strong> Meist im August oder September f\u00fcr den Studienbeginn im Oktober.<\/p>\n<hr data-start=\"2624\" data-end=\"2627\">\n<h3>Top-Universit\u00e4ten in Bulgarien<\/h3>\n<p data-start=\"2664\" data-end=\"2739\"><b>Wir unterst\u00fctzen Sie bei Bewerbungen an den anerkanntesten Universit\u00e4ten:<\/b><\/p>\n<ul data-start=\"2741\" data-end=\"2918\">\n<li data-start=\"2741\" data-end=\"2775\">\n<p data-start=\"2743\" data-end=\"2775\">Medizinische Universit\u00e4t Varna<\/p>\n<\/li>\n<li data-start=\"2776\" data-end=\"2810\">\n<p data-start=\"2778\" data-end=\"2810\">Medizinische Universit\u00e4t Sofia<\/p>\n<\/li>\n<li data-start=\"2811\" data-end=\"2843\">\n<p data-start=\"2813\" data-end=\"2843\">Technische Universit\u00e4t Varna<\/p>\n<\/li>\n<li data-start=\"2844\" data-end=\"2884\">\n<p data-start=\"2846\" data-end=\"2884\">Varna University of Management (VUM)<\/p>\n<\/li>\n<li data-start=\"2885\" data-end=\"2918\">\n<p data-start=\"2887\" data-end=\"2918\">Marineakademie \u201eN. Vaptsarov\u201c<\/p>\n<\/li>\n<\/ul>\n<hr data-start=\"2920\" data-end=\"2923\">\n<h5>Ben\u00f6tigen Sie Hilfe bei der Bewerbung?<\/h5>\n<p data-start=\"2968\" data-end=\"3011\">Unser Team begleitet Sie <strong data-start=\"2993\" data-end=\"3008\">von A bis Z<\/strong>:<\/p>\n<ul data-start=\"3013\" data-end=\"3093\">\n<li data-start=\"3013\" data-end=\"3033\">\n<p data-start=\"3015\" data-end=\"3033\">Universit\u00e4tswahl<\/p>\n<\/li>\n<li data-start=\"3034\" data-end=\"3060\">\n<p data-start=\"3036\" data-end=\"3060\">Dokumentenvorbereitung<\/p>\n<\/li>\n<li data-start=\"3061\" data-end=\"3074\">\n<p data-start=\"3063\" data-end=\"3074\">Bewerbung<\/p>\n<\/li>\n<li data-start=\"3075\" data-end=\"3093\">\n<p data-start=\"3077\" data-end=\"3093\">Studentenvisum<\/p>\n<\/li>\n<\/ul>\n<p data-start=\"3095\" data-end=\"3155\">Starten Sie Ihre <strong data-start=\"3112\" data-end=\"3141\">Studienreise in Bulgarien<\/strong> noch heute!<\/p>\t\t\t\t\t\t\t\t<\/div>\n\t\t\t\t<\/div>\n\t\t\t\t\t<\/div>\n\t\t<\/div>\n\t\t\t\t\t<\/div>\n\t\t<\/section>\n\t\t\t\t<\/div>\n\t\t","protected":false},"excerpt":{"rendered":"<p>Bewerbung \u2013 Studieren in Bulgarien 2026 Wie bewirbt man sich an bulgarischen Universit\u00e4ten? Planen Sie, in Bulgarien zu studieren? Unser Schritt-f\u00fcr-Schritt-Leitfaden zeigt, wie Sie sich erfolgreich an bulgarischen Universit\u00e4ten bewerben und einen Platz in Ihrem Wunschstudiengang erhalten. Egal, ob Medizin, Zahnmedizin, Pharmazie, Informatik, BWL oder Maritime Studien, wir begleiten Sie von der Studienwahl bis zum &hellip;<\/p>\n<p class=\"read-more\"> <a class=\"\" href=\"https:\/\/edrusbg.com\/de\/how-to-apply\/\"> <span class=\"screen-reader-text\">Bewerbung<\/span> Read More &raquo;<\/a><\/p>\n","protected":false},"author":1,"featured_media":0,"parent":0,"menu_order":0,"comment_status":"closed","ping_status":"closed","template":"","meta":{"_uag_custom_page_level_css":"","site-sidebar-layout":"default","site-content-layout":"default","ast-global-header-display":"","ast-main-header-display":"","ast-hfb-above-header-display":"","ast-hfb-below-header-display":"","ast-hfb-mobile-header-display":"","site-post-title":"","ast-breadcrumbs-content":"","ast-featured-img":"","footer-sml-layout":"","theme-transparent-header-meta":"","adv-header-id-meta":"","stick-header-meta":"","header-above-stick-meta":"","header-main-stick-meta":"","header-below-stick-meta":"","slim_seo":{"title":"Bewerbung an bulgarischen Universit\u00e4ten 2026","description":"Erfahren Sie, wie Sie sich 2026 erfolgreich an bulgarischen Universit\u00e4ten bewerben. Schritt-f\u00fcr-Schritt-Leitfaden f\u00fcr Medizin, BWL, IT, Pharmazie & mehr \u2013 inklusive Zulassungsvoraussetzungen, Unterlagen und Tipps f\u00fcr arabische Studierende."},"footnotes":""},"class_list":["post-988","page","type-page","status-publish","hentry"],"yoast_head":"<!-- This site is optimized with the Yoast SEO Premium plugin v18.0 (Yoast SEO v27.5) - https:\/\/yoast.com\/product\/yoast-seo-premium-wordpress\/ -->\n<title>Bewerbung an bulgarischen Universit\u00e4ten 2026<\/title>\n<meta name=\"description\" content=\"Erfahren Sie, wie Sie sich 2026 erfolgreich an bulgarischen Universit\u00e4ten bewerben. Schritt-f\u00fcr-Schritt-Leitfaden f\u00fcr Medizin, BWL, IT, Pharmazie &amp; mehr \u2013 inklusive Zulassungsvoraussetzungen, Unterlagen und Tipps f\u00fcr arabische Studierende.\" \/>\n<meta name=\"robots\" content=\"index, follow, max-snippet:-1, max-image-preview:large, max-video-preview:-1\" \/>\n<link rel=\"canonical\" href=\"https:\/\/edrusbg.com\/de\/how-to-apply\/\" \/>\n<meta property=\"og:locale\" content=\"en_US\" \/>\n<meta property=\"og:type\" content=\"article\" \/>\n<meta property=\"og:title\" content=\"Bewerbung\" \/>\n<meta property=\"og:description\" content=\"Erfahren Sie, wie Sie sich 2026 erfolgreich an bulgarischen Universit\u00e4ten bewerben. Schritt-f\u00fcr-Schritt-Leitfaden f\u00fcr Medizin, BWL, IT, Pharmazie &amp; mehr \u2013 inklusive Zulassungsvoraussetzungen, Unterlagen und Tipps f\u00fcr arabische Studierende.\" \/>\n<meta property=\"og:url\" content=\"https:\/\/edrusbg.com\/de\/how-to-apply\/\" \/>\n<meta property=\"og:site_name\" content=\"Edrusbg\" \/>\n<meta property=\"article:modified_time\" content=\"2025-10-24T17:22:36+00:00\" \/>\n<meta name=\"twitter:card\" content=\"summary_large_image\" \/>\n<meta name=\"twitter:label1\" content=\"Est. reading time\" \/>\n\t<meta name=\"twitter:data1\" content=\"2 minutes\" \/>\n<script type=\"application\/ld+json\" class=\"yoast-schema-graph\">{\"@context\":\"https:\\\/\\\/schema.org\",\"@graph\":[{\"@type\":\"WebPage\",\"@id\":\"https:\\\/\\\/edrusbg.com\\\/de\\\/how-to-apply\\\/\",\"url\":\"https:\\\/\\\/edrusbg.com\\\/de\\\/how-to-apply\\\/\",\"name\":\"Bewerbung an bulgarischen Universit\u00e4ten 2026\",\"isPartOf\":{\"@id\":\"https:\\\/\\\/edrusbg.com\\\/de\\\/#website\"},\"datePublished\":\"2022-11-15T10:49:30+00:00\",\"dateModified\":\"2025-10-24T17:22:36+00:00\",\"description\":\"Erfahren Sie, wie Sie sich 2026 erfolgreich an bulgarischen Universit\u00e4ten bewerben. Schritt-f\u00fcr-Schritt-Leitfaden f\u00fcr Medizin, BWL, IT, Pharmazie & mehr \u2013 inklusive Zulassungsvoraussetzungen, Unterlagen und Tipps f\u00fcr arabische Studierende.\",\"breadcrumb\":{\"@id\":\"https:\\\/\\\/edrusbg.com\\\/de\\\/how-to-apply\\\/#breadcrumb\"},\"inLanguage\":\"en-US\",\"potentialAction\":[{\"@type\":\"ReadAction\",\"target\":[\"https:\\\/\\\/edrusbg.com\\\/de\\\/how-to-apply\\\/\"]}]},{\"@type\":\"BreadcrumbList\",\"@id\":\"https:\\\/\\\/edrusbg.com\\\/de\\\/how-to-apply\\\/#breadcrumb\",\"itemListElement\":[{\"@type\":\"ListItem\",\"position\":1,\"name\":\"Home\",\"item\":\"https:\\\/\\\/edrusbg.com\\\/de\\\/\"},{\"@type\":\"ListItem\",\"position\":2,\"name\":\"Bewerbung\"}]},{\"@type\":\"WebSite\",\"@id\":\"https:\\\/\\\/edrusbg.com\\\/de\\\/#website\",\"url\":\"https:\\\/\\\/edrusbg.com\\\/de\\\/\",\"name\":\"Edrusbg\",\"description\":\"Study in Bulgaria\",\"publisher\":{\"@id\":\"https:\\\/\\\/edrusbg.com\\\/de\\\/#organization\"},\"potentialAction\":[{\"@type\":\"SearchAction\",\"target\":{\"@type\":\"EntryPoint\",\"urlTemplate\":\"https:\\\/\\\/edrusbg.com\\\/de\\\/?s={search_term_string}\"},\"query-input\":{\"@type\":\"PropertyValueSpecification\",\"valueRequired\":true,\"valueName\":\"search_term_string\"}}],\"inLanguage\":\"en-US\"},{\"@type\":\"Organization\",\"@id\":\"https:\\\/\\\/edrusbg.com\\\/de\\\/#organization\",\"name\":\"Edrusbg\",\"url\":\"https:\\\/\\\/edrusbg.com\\\/de\\\/\",\"logo\":{\"@type\":\"ImageObject\",\"inLanguage\":\"en-US\",\"@id\":\"https:\\\/\\\/edrusbg.com\\\/de\\\/#\\\/schema\\\/logo\\\/image\\\/\",\"url\":\"https:\\\/\\\/edrusbg.com\\\/de\\\/wp-content\\\/uploads\\\/2022\\\/12\\\/cropped-EDRUS-LOGO.png\",\"contentUrl\":\"https:\\\/\\\/edrusbg.com\\\/de\\\/wp-content\\\/uploads\\\/2022\\\/12\\\/cropped-EDRUS-LOGO.png\",\"width\":969,\"height\":323,\"caption\":\"Edrusbg\"},\"image\":{\"@id\":\"https:\\\/\\\/edrusbg.com\\\/de\\\/#\\\/schema\\\/logo\\\/image\\\/\"}}]}<\/script>\n<!-- \/ Yoast SEO Premium plugin. -->","yoast_head_json":{"title":"Bewerbung an bulgarischen Universit\u00e4ten 2026","description":"Erfahren Sie, wie Sie sich 2026 erfolgreich an bulgarischen Universit\u00e4ten bewerben. Schritt-f\u00fcr-Schritt-Leitfaden f\u00fcr Medizin, BWL, IT, Pharmazie & mehr \u2013 inklusive Zulassungsvoraussetzungen, Unterlagen und Tipps f\u00fcr arabische Studierende.","robots":{"index":"index","follow":"follow","max-snippet":"max-snippet:-1","max-image-preview":"max-image-preview:large","max-video-preview":"max-video-preview:-1"},"canonical":"https:\/\/edrusbg.com\/de\/how-to-apply\/","og_locale":"en_US","og_type":"article","og_title":"Bewerbung","og_description":"Erfahren Sie, wie Sie sich 2026 erfolgreich an bulgarischen Universit\u00e4ten bewerben. Schritt-f\u00fcr-Schritt-Leitfaden f\u00fcr Medizin, BWL, IT, Pharmazie & mehr \u2013 inklusive Zulassungsvoraussetzungen, Unterlagen und Tipps f\u00fcr arabische Studierende.","og_url":"https:\/\/edrusbg.com\/de\/how-to-apply\/","og_site_name":"Edrusbg","article_modified_time":"2025-10-24T17:22:36+00:00","twitter_card":"summary_large_image","twitter_misc":{"Est. reading time":"2 minutes"},"schema":{"@context":"https:\/\/schema.org","@graph":[{"@type":"WebPage","@id":"https:\/\/edrusbg.com\/de\/how-to-apply\/","url":"https:\/\/edrusbg.com\/de\/how-to-apply\/","name":"Bewerbung an bulgarischen Universit\u00e4ten 2026","isPartOf":{"@id":"https:\/\/edrusbg.com\/de\/#website"},"datePublished":"2022-11-15T10:49:30+00:00","dateModified":"2025-10-24T17:22:36+00:00","description":"Erfahren Sie, wie Sie sich 2026 erfolgreich an bulgarischen Universit\u00e4ten bewerben. Schritt-f\u00fcr-Schritt-Leitfaden f\u00fcr Medizin, BWL, IT, Pharmazie & mehr \u2013 inklusive Zulassungsvoraussetzungen, Unterlagen und Tipps f\u00fcr arabische Studierende.","breadcrumb":{"@id":"https:\/\/edrusbg.com\/de\/how-to-apply\/#breadcrumb"},"inLanguage":"en-US","potentialAction":[{"@type":"ReadAction","target":["https:\/\/edrusbg.com\/de\/how-to-apply\/"]}]},{"@type":"BreadcrumbList","@id":"https:\/\/edrusbg.com\/de\/how-to-apply\/#breadcrumb","itemListElement":[{"@type":"ListItem","position":1,"name":"Home","item":"https:\/\/edrusbg.com\/de\/"},{"@type":"ListItem","position":2,"name":"Bewerbung"}]},{"@type":"WebSite","@id":"https:\/\/edrusbg.com\/de\/#website","url":"https:\/\/edrusbg.com\/de\/","name":"Edrusbg","description":"Study in Bulgaria","publisher":{"@id":"https:\/\/edrusbg.com\/de\/#organization"},"potentialAction":[{"@type":"SearchAction","target":{"@type":"EntryPoint","urlTemplate":"https:\/\/edrusbg.com\/de\/?s={search_term_string}"},"query-input":{"@type":"PropertyValueSpecification","valueRequired":true,"valueName":"search_term_string"}}],"inLanguage":"en-US"},{"@type":"Organization","@id":"https:\/\/edrusbg.com\/de\/#organization","name":"Edrusbg","url":"https:\/\/edrusbg.com\/de\/","logo":{"@type":"ImageObject","inLanguage":"en-US","@id":"https:\/\/edrusbg.com\/de\/#\/schema\/logo\/image\/","url":"https:\/\/edrusbg.com\/de\/wp-content\/uploads\/2022\/12\/cropped-EDRUS-LOGO.png","contentUrl":"https:\/\/edrusbg.com\/de\/wp-content\/uploads\/2022\/12\/cropped-EDRUS-LOGO.png","width":969,"height":323,"caption":"Edrusbg"},"image":{"@id":"https:\/\/edrusbg.com\/de\/#\/schema\/logo\/image\/"}}]}},"uagb_featured_image_src":{"full":false,"thumbnail":false,"medium":false,"medium_large":false,"large":false,"1536x1536":false,"2048x2048":false},"uagb_author_info":{"display_name":"admin","author_link":"https:\/\/edrusbg.com\/de\/author\/admin\/"},"uagb_comment_info":0,"uagb_excerpt":"Bewerbung \u2013 Studieren in Bulgarien 2026 Wie bewirbt man sich an bulgarischen Universit\u00e4ten? Planen Sie, in Bulgarien zu studieren? Unser Schritt-f\u00fcr-Schritt-Leitfaden zeigt, wie Sie sich erfolgreich an bulgarischen Universit\u00e4ten bewerben und einen Platz in Ihrem Wunschstudiengang erhalten. Egal, ob Medizin, Zahnmedizin, Pharmazie, Informatik, BWL oder Maritime Studien, wir begleiten Sie von der Studienwahl bis zum&hellip;","_links":{"self":[{"href":"https:\/\/edrusbg.com\/de\/wp-json\/wp\/v2\/pages\/988","targetHints":{"allow":["GET"]}}],"collection":[{"href":"https:\/\/edrusbg.com\/de\/wp-json\/wp\/v2\/pages"}],"about":[{"href":"https:\/\/edrusbg.com\/de\/wp-json\/wp\/v2\/types\/page"}],"author":[{"embeddable":true,"href":"https:\/\/edrusbg.com\/de\/wp-json\/wp\/v2\/users\/1"}],"replies":[{"embeddable":true,"href":"https:\/\/edrusbg.com\/de\/wp-json\/wp\/v2\/comments?post=988"}],"version-history":[{"count":26,"href":"https:\/\/edrusbg.com\/de\/wp-json\/wp\/v2\/pages\/988\/revisions"}],"predecessor-version":[{"id":2218,"href":"https:\/\/edrusbg.com\/de\/wp-json\/wp\/v2\/pages\/988\/revisions\/2218"}],"wp:attachment":[{"href":"https:\/\/edrusbg.com\/de\/wp-json\/wp\/v2\/media?parent=988"}],"curies":[{"name":"wp","href":"https:\/\/api.w.org\/{rel}","templated":true}]}}