{"id":694,"date":"2022-11-11T14:56:19","date_gmt":"2022-11-11T14:56:19","guid":{"rendered":"https:\/\/edrusbg.com\/de\/?page_id=694"},"modified":"2025-10-24T17:16:29","modified_gmt":"2025-10-24T17:16:29","slug":"universities","status":"publish","type":"page","link":"https:\/\/edrusbg.com\/de\/universities\/","title":{"rendered":"Universit\u00e4ten"},"content":{"rendered":"\t\t<div data-elementor-type=\"wp-page\" data-elementor-id=\"694\" class=\"elementor elementor-694\">\n\t\t\t\t\t\t<section class=\"elementor-section elementor-top-section elementor-element elementor-element-1e97369f elementor-section-boxed elementor-section-height-default elementor-section-height-default\" data-id=\"1e97369f\" data-element_type=\"section\" data-e-type=\"section\">\n\t\t\t\t\t\t<div class=\"elementor-container elementor-column-gap-default\">\n\t\t\t\t\t<div class=\"elementor-column elementor-col-100 elementor-top-column elementor-element elementor-element-7e18457f\" data-id=\"7e18457f\" data-element_type=\"column\" data-e-type=\"column\">\n\t\t\t<div class=\"elementor-widget-wrap elementor-element-populated\">\n\t\t\t\t\t\t<div class=\"elementor-element elementor-element-460ab63e elementor-widget__width-initial elementor-widget elementor-widget-text-editor\" data-id=\"460ab63e\" data-element_type=\"widget\" data-e-type=\"widget\" data-widget_type=\"text-editor.default\">\n\t\t\t\t<div class=\"elementor-widget-container\">\n\t\t\t\t\t\t\t\t\t<h3>Top-Universit\u00e4ten in Bulgarien \u2013 2026 Leitfaden f\u00fcr internationale &amp; arabische Studierende<\/h3>\n<p data-start=\"336\" data-end=\"625\">Wenn Sie planen, <strong data-start=\"353\" data-end=\"382\">in Bulgarien zu studieren<\/strong>, ist die Wahl der richtigen Universit\u00e4t entscheidend.<br data-start=\"436\" data-end=\"439\" \/>Bulgarien bietet einige der <strong data-start=\"467\" data-end=\"521\">besten und erschwinglichsten Universit\u00e4ten Europas<\/strong>, mit <strong data-start=\"527\" data-end=\"554\">hochwertiger Ausbildung<\/strong>, <strong data-start=\"556\" data-end=\"589\">englischsprachigen Programmen<\/strong> und <strong data-start=\"594\" data-end=\"624\">EU-anerkannten Abschl\u00fcssen<\/strong>.<\/p>\n<p data-start=\"627\" data-end=\"790\">Egal ob <strong data-start=\"635\" data-end=\"706\">Medizin, Zahnmedizin, Pharmazie, Informatik oder Betriebswirtschaft<\/strong> \u2013 wir helfen Ihnen, die ideale Universit\u00e4t f\u00fcr Ihre Ziele und Ihr Budget zu finden.<\/p>\n<hr data-start=\"792\" data-end=\"795\" \/>\n<h5>Vorteile eines Studiums an bulgarischen Universit\u00e4ten<\/h5>\n<ul data-start=\"855\" data-end=\"1237\">\n<li data-start=\"855\" data-end=\"908\">\n<p data-start=\"857\" data-end=\"908\"><strong data-start=\"857\" data-end=\"891\">Erschwingliche Studiengeb\u00fchren<\/strong> ab \u20ac3.000\/Jahr<\/p>\n<\/li>\n<li data-start=\"909\" data-end=\"951\">\n<p data-start=\"911\" data-end=\"951\"><strong data-start=\"911\" data-end=\"949\">Programme vollst\u00e4ndig auf Englisch<\/strong><\/p>\n<\/li>\n<li data-start=\"952\" data-end=\"1003\">\n<p data-start=\"954\" data-end=\"1003\"><strong data-start=\"954\" data-end=\"1001\">Abschl\u00fcsse in Europa und weltweit anerkannt<\/strong><\/p>\n<\/li>\n<li data-start=\"1004\" data-end=\"1057\">\n<p data-start=\"1006\" data-end=\"1057\"><strong data-start=\"1006\" data-end=\"1055\">Hohe Zulassungsrate f\u00fcr arabische Studierende<\/strong><\/p>\n<\/li>\n<li data-start=\"1058\" data-end=\"1120\">\n<p data-start=\"1060\" data-end=\"1120\"><strong data-start=\"1060\" data-end=\"1089\">Sichere, lebendige St\u00e4dte<\/strong> wie Sofia, Varna und Plovdiv<\/p>\n<\/li>\n<li data-start=\"1121\" data-end=\"1180\">\n<p data-start=\"1123\" data-end=\"1180\"><strong data-start=\"1123\" data-end=\"1178\">Hervorragende Karriereaussichten nach dem Abschluss<\/strong><\/p>\n<\/li>\n<li data-start=\"1181\" data-end=\"1237\">\n<p data-start=\"1183\" data-end=\"1237\"><strong data-start=\"1183\" data-end=\"1208\">Praxisnahe Ausbildung<\/strong> mit modernen Einrichtungen<\/p>\n<\/li>\n<\/ul>\n<hr data-start=\"1239\" data-end=\"1242\" \/>\n<h3>Top-Universit\u00e4ten in Bulgarien 2026<\/h3>\n<h5>Varna Medical University<\/h5>\n<ul data-start=\"1313\" data-end=\"1635\">\n<li data-start=\"1313\" data-end=\"1336\">\n<p data-start=\"1315\" data-end=\"1336\"><strong data-start=\"1315\" data-end=\"1328\">Standort:<\/strong> Varna<\/p>\n<\/li>\n<li data-start=\"1337\" data-end=\"1383\">\n<p data-start=\"1339\" data-end=\"1383\"><strong data-start=\"1339\" data-end=\"1349\">Fokus:<\/strong> Medizin, Zahnmedizin, Pharmazie<\/p>\n<\/li>\n<li data-start=\"1384\" data-end=\"1501\">\n<p data-start=\"1386\" data-end=\"1413\"><strong data-start=\"1386\" data-end=\"1411\">Studiengeb\u00fchren 2026:<\/strong><\/p>\n<ul data-start=\"1416\" data-end=\"1501\">\n<li data-start=\"1416\" data-end=\"1441\">\n<p data-start=\"1418\" data-end=\"1441\">Medizin: \u20ac10.000\/Jahr<\/p>\n<\/li>\n<li data-start=\"1444\" data-end=\"1472\">\n<p data-start=\"1446\" data-end=\"1472\">Zahnmedizin: \u20ac9.000\/Jahr<\/p>\n<\/li>\n<li data-start=\"1475\" data-end=\"1501\">\n<p data-start=\"1477\" data-end=\"1501\">Pharmazie: \u20ac6.000\/Jahr<\/p>\n<\/li>\n<\/ul>\n<\/li>\n<li data-start=\"1502\" data-end=\"1635\">\n<p data-start=\"1504\" data-end=\"1635\"><strong data-start=\"1504\" data-end=\"1529\">\u00dcber die Universit\u00e4t:<\/strong> Moderne medizinische Programme auf Englisch mit internationaler Anerkennung, inklusive klinischer Praxis.<\/p>\n<\/li>\n<\/ul>\n<h5>Sofia Medical University<\/h5>\n<ul data-start=\"1666\" data-end=\"2091\">\n<li data-start=\"1666\" data-end=\"1689\">\n<p data-start=\"1668\" data-end=\"1689\"><strong data-start=\"1668\" data-end=\"1681\">Standort:<\/strong> Sofia<\/p>\n<\/li>\n<li data-start=\"1690\" data-end=\"1736\">\n<p data-start=\"1692\" data-end=\"1736\"><strong data-start=\"1692\" data-end=\"1702\">Fokus:<\/strong> Medizin, Zahnmedizin, Pharmazie<\/p>\n<\/li>\n<li data-start=\"1737\" data-end=\"1828\">\n<p data-start=\"1739\" data-end=\"1828\"><strong data-start=\"1739\" data-end=\"1762\">Beliebte Programme:<\/strong> Medizin (6 Jahre), Zahnmedizin (5,5 Jahre), Pharmazie (5 Jahre)<\/p>\n<\/li>\n<li data-start=\"1829\" data-end=\"1929\">\n<p data-start=\"1831\" data-end=\"1929\"><strong data-start=\"1831\" data-end=\"1856\">Studiengeb\u00fchren 2026:<\/strong> Medizin: \u20ac9.950\/Jahr, Zahnmedizin: \u20ac9.000\/Jahr, Pharmazie: \u20ac6.000\/Jahr<\/p>\n<\/li>\n<li data-start=\"1930\" data-end=\"2091\">\n<p data-start=\"1932\" data-end=\"2091\"><strong data-start=\"1932\" data-end=\"1957\">\u00dcber die Universit\u00e4t:<\/strong> F\u00fchrende medizinische Universit\u00e4t Osteuropas mit modernen Krankenh\u00e4usern, Forschungslabors und international anerkannten Abschl\u00fcssen.<\/p>\n<\/li>\n<\/ul>\n<h5>Sofia Universit\u00e4t \u201eSt. Kliment Ohridski\u201c<\/h5>\n<ul data-start=\"2138\" data-end=\"2444\">\n<li data-start=\"2138\" data-end=\"2161\">\n<p data-start=\"2140\" data-end=\"2161\"><strong data-start=\"2140\" data-end=\"2153\">Standort:<\/strong> Sofia<\/p>\n<\/li>\n<li data-start=\"2162\" data-end=\"2214\">\n<p data-start=\"2164\" data-end=\"2214\"><strong data-start=\"2164\" data-end=\"2174\">Fokus:<\/strong> IT, Wirtschaft, Geisteswissenschaften<\/p>\n<\/li>\n<li data-start=\"2215\" data-end=\"2299\">\n<p data-start=\"2217\" data-end=\"2299\"><strong data-start=\"2217\" data-end=\"2231\">Programme:<\/strong> Informatik, Betriebswirtschaft, Psychologie, Englische Philologie<\/p>\n<\/li>\n<li data-start=\"2300\" data-end=\"2339\">\n<p data-start=\"2302\" data-end=\"2339\"><strong data-start=\"2302\" data-end=\"2322\">Studiengeb\u00fchren:<\/strong> ab \u20ac3.000\/Jahr<\/p>\n<\/li>\n<li data-start=\"2340\" data-end=\"2444\">\n<p data-start=\"2342\" data-end=\"2444\"><strong data-start=\"2342\" data-end=\"2367\">\u00dcber die Universit\u00e4t:<\/strong> \u00c4lteste und renommierteste Universit\u00e4t Bulgariens mit breitem F\u00e4cherangebot.<\/p>\n<\/li>\n<\/ul>\n<h5>Plovdiv Medical University<\/h5>\n<ul data-start=\"2477\" data-end=\"2765\">\n<li data-start=\"2477\" data-end=\"2502\">\n<p data-start=\"2479\" data-end=\"2502\"><strong data-start=\"2479\" data-end=\"2492\">Standort:<\/strong> Plovdiv<\/p>\n<\/li>\n<li data-start=\"2503\" data-end=\"2549\">\n<p data-start=\"2505\" data-end=\"2549\"><strong data-start=\"2505\" data-end=\"2515\">Fokus:<\/strong> Medizin, Zahnmedizin, Pharmazie<\/p>\n<\/li>\n<li data-start=\"2550\" data-end=\"2650\">\n<p data-start=\"2552\" data-end=\"2650\"><strong data-start=\"2552\" data-end=\"2577\">Studiengeb\u00fchren 2026:<\/strong> Medizin: \u20ac9.000\/Jahr, Zahnmedizin: \u20ac9.000\/Jahr, Pharmazie: \u20ac8.000\/Jahr<\/p>\n<\/li>\n<li data-start=\"2651\" data-end=\"2765\">\n<p data-start=\"2653\" data-end=\"2765\"><strong data-start=\"2653\" data-end=\"2678\">\u00dcber die Universit\u00e4t:<\/strong> Hochwertige medizinische Ausbildung auf Englisch mit praxisnaher klinischer Erfahrung.<\/p>\n<\/li>\n<\/ul>\n<h5>Naval Academy \u2013 Varna<\/h5>\n<ul data-start=\"2793\" data-end=\"3027\">\n<li data-start=\"2793\" data-end=\"2816\">\n<p data-start=\"2795\" data-end=\"2816\"><strong data-start=\"2795\" data-end=\"2808\">Standort:<\/strong> Varna<\/p>\n<\/li>\n<li data-start=\"2817\" data-end=\"2860\">\n<p data-start=\"2819\" data-end=\"2860\"><strong data-start=\"2819\" data-end=\"2829\">Fokus:<\/strong> Maritime Studien, Navigation<\/p>\n<\/li>\n<li data-start=\"2861\" data-end=\"2916\">\n<p data-start=\"2863\" data-end=\"2916\"><strong data-start=\"2863\" data-end=\"2886\">Beliebtes Programm:<\/strong> BSc Navigation: \u20ac4.000\/Jahr<\/p>\n<\/li>\n<li data-start=\"2917\" data-end=\"3027\">\n<p data-start=\"2919\" data-end=\"3027\"><strong data-start=\"2919\" data-end=\"2944\">\u00dcber die Universit\u00e4t:<\/strong> Top-Adresse f\u00fcr maritime Karrieren, Programme nach STCW-, IMO- und IAMU-Standards.<\/p>\n<\/li>\n<\/ul>\n<h5>Technische Universit\u00e4t \u2013 Varna<\/h5>\n<ul data-start=\"3064\" data-end=\"3302\">\n<li data-start=\"3064\" data-end=\"3087\">\n<p data-start=\"3066\" data-end=\"3087\"><strong data-start=\"3066\" data-end=\"3079\">Standort:<\/strong> Varna<\/p>\n<\/li>\n<li data-start=\"3088\" data-end=\"3130\">\n<p data-start=\"3090\" data-end=\"3130\"><strong data-start=\"3090\" data-end=\"3100\">Fokus:<\/strong> Ingenieurwissenschaften, IT<\/p>\n<\/li>\n<li data-start=\"3131\" data-end=\"3170\">\n<p data-start=\"3133\" data-end=\"3170\"><strong data-start=\"3133\" data-end=\"3153\">Studiengeb\u00fchren:<\/strong> ab \u20ac3.000\/Jahr<\/p>\n<\/li>\n<li data-start=\"3171\" data-end=\"3302\">\n<p data-start=\"3173\" data-end=\"3302\"><strong data-start=\"3173\" data-end=\"3198\">\u00dcber die Universit\u00e4t:<\/strong> F\u00fchrende Ingenieurhochschule Bulgariens mit Abschl\u00fcssen in Elektrotechnik, Informatik und Maschinenbau.<\/p>\n<\/li>\n<\/ul>\n<h5>Varna University of Management (VUM)<\/h5>\n<ul data-start=\"3345\" data-end=\"3610\">\n<li data-start=\"3345\" data-end=\"3368\">\n<p data-start=\"3347\" data-end=\"3368\"><strong data-start=\"3347\" data-end=\"3360\">Standort:<\/strong> Varna<\/p>\n<\/li>\n<li data-start=\"3369\" data-end=\"3429\">\n<p data-start=\"3371\" data-end=\"3429\"><strong data-start=\"3371\" data-end=\"3381\">Fokus:<\/strong> Wirtschaft, Hospitality, Software Engineering<\/p>\n<\/li>\n<li data-start=\"3430\" data-end=\"3489\">\n<p data-start=\"3432\" data-end=\"3489\"><strong data-start=\"3432\" data-end=\"3452\">Studiengeb\u00fchren:<\/strong> Business &amp; Management: \u20ac4.200\/Jahr<\/p>\n<\/li>\n<li data-start=\"3490\" data-end=\"3610\">\n<p data-start=\"3492\" data-end=\"3610\"><strong data-start=\"3492\" data-end=\"3517\">\u00dcber die Universit\u00e4t:<\/strong> International ausgerichtet, Dual-Degree-Optionen, praxisnah und mit starkem Alumni-Netzwerk.<\/p>\n<\/li>\n<\/ul>\n<hr data-start=\"3612\" data-end=\"3615\" \/>\n<h5>Noch unsicher, welche Universit\u00e4t die richtige ist?<\/h5>\n<p data-start=\"3673\" data-end=\"3964\">Wir helfen Ihnen beim <strong data-start=\"3695\" data-end=\"3774\">Vergleich von Universit\u00e4ten, Studiengeb\u00fchren, Programmen und Studentenleben<\/strong> in verschiedenen St\u00e4dten Bulgariens.<br data-start=\"3811\" data-end=\"3814\" \/>Lesen Sie unseren <strong data-start=\"3832\" data-end=\"3868\">Studieren in Bulgarien-Leitfaden<\/strong> oder kontaktieren Sie uns f\u00fcr <strong data-start=\"3899\" data-end=\"3963\">kostenlose Beratung und individuelle Zulassungsunterst\u00fctzung<\/strong>.<\/p>\n<p data-start=\"3966\" data-end=\"4134\"><strong data-start=\"3966\" data-end=\"3978\">Hinweis:<\/strong> F\u00fcr die Bewerbung als Student in Bulgarien m\u00fcssen einige Schritte erfolgreich abgeschlossen werden, die wir hier zur Orientierung zusammengestellt haben.<\/p>\n<p><!-- \/wp:uagb\/container --><\/p>\t\t\t\t\t\t\t\t<\/div>\n\t\t\t\t<\/div>\n\t\t\t\t\t<\/div>\n\t\t<\/div>\n\t\t\t\t\t<\/div>\n\t\t<\/section>\n\t\t\t\t<\/div>\n\t\t","protected":false},"excerpt":{"rendered":"<p>Top-Universit\u00e4ten in Bulgarien \u2013 2026 Leitfaden f\u00fcr internationale &amp; arabische Studierende Wenn Sie planen, in Bulgarien zu studieren, ist die Wahl der richtigen Universit\u00e4t entscheidend.Bulgarien bietet einige der besten und erschwinglichsten Universit\u00e4ten Europas, mit hochwertiger Ausbildung, englischsprachigen Programmen und EU-anerkannten Abschl\u00fcssen. Egal ob Medizin, Zahnmedizin, Pharmazie, Informatik oder Betriebswirtschaft \u2013 wir helfen Ihnen, die ideale &hellip;<\/p>\n<p class=\"read-more\"> <a class=\"\" href=\"https:\/\/edrusbg.com\/de\/universities\/\"> <span class=\"screen-reader-text\">Universit\u00e4ten<\/span> Read More &raquo;<\/a><\/p>\n","protected":false},"author":1,"featured_media":0,"parent":0,"menu_order":0,"comment_status":"closed","ping_status":"closed","template":"","meta":{"_uag_custom_page_level_css":"","site-sidebar-layout":"default","site-content-layout":"default","ast-global-header-display":"","ast-main-header-display":"","ast-hfb-above-header-display":"","ast-hfb-below-header-display":"","ast-hfb-mobile-header-display":"","site-post-title":"","ast-breadcrumbs-content":"","ast-featured-img":"","footer-sml-layout":"","theme-transparent-header-meta":"","adv-header-id-meta":"","stick-header-meta":"","header-above-stick-meta":"","header-main-stick-meta":"","header-below-stick-meta":"","slim_seo":{"title":"Top Universities in Bulgaria | Study Medicine, IT, Business & More","description":"Explore the best Bulgarian universities for international and Arab students. Study Medicine, Pharmacy, IT, and more with affordable tuition in English."},"footnotes":""},"class_list":["post-694","page","type-page","status-publish","hentry"],"yoast_head":"<!-- This site is optimized with the Yoast SEO Premium plugin v18.0 (Yoast SEO v27.5) - https:\/\/yoast.com\/product\/yoast-seo-premium-wordpress\/ -->\n<title>Top Universit\u00e4ten Bulgarien \u2013 Medizin, IT, Business &amp; Pharmazie<\/title>\n<meta name=\"description\" content=\"Entdecken Sie die besten Universit\u00e4ten in Bulgarien 2026: Medizin, Zahnmedizin, Pharmazie, IT und Business\" \/>\n<meta name=\"robots\" content=\"index, follow, max-snippet:-1, max-image-preview:large, max-video-preview:-1\" \/>\n<link rel=\"canonical\" href=\"https:\/\/edrusbg.com\/de\/universities\/\" \/>\n<meta property=\"og:locale\" content=\"en_US\" \/>\n<meta property=\"og:type\" content=\"article\" \/>\n<meta property=\"og:title\" content=\"Universit\u00e4ten\" \/>\n<meta property=\"og:description\" content=\"Entdecken Sie die besten Universit\u00e4ten in Bulgarien 2026: Medizin, Zahnmedizin, Pharmazie, IT und Business\" \/>\n<meta property=\"og:url\" content=\"https:\/\/edrusbg.com\/de\/universities\/\" \/>\n<meta property=\"og:site_name\" content=\"Edrusbg\" \/>\n<meta property=\"article:modified_time\" content=\"2025-10-24T17:16:29+00:00\" \/>\n<meta name=\"twitter:card\" content=\"summary_large_image\" \/>\n<meta name=\"twitter:label1\" content=\"Est. reading time\" \/>\n\t<meta name=\"twitter:data1\" content=\"2 minutes\" \/>\n<script type=\"application\/ld+json\" class=\"yoast-schema-graph\">{\"@context\":\"https:\\\/\\\/schema.org\",\"@graph\":[{\"@type\":\"WebPage\",\"@id\":\"https:\\\/\\\/edrusbg.com\\\/de\\\/universities\\\/\",\"url\":\"https:\\\/\\\/edrusbg.com\\\/de\\\/universities\\\/\",\"name\":\"Top Universit\u00e4ten Bulgarien \u2013 Medizin, IT, Business & Pharmazie\",\"isPartOf\":{\"@id\":\"https:\\\/\\\/edrusbg.com\\\/de\\\/#website\"},\"datePublished\":\"2022-11-11T14:56:19+00:00\",\"dateModified\":\"2025-10-24T17:16:29+00:00\",\"description\":\"Entdecken Sie die besten Universit\u00e4ten in Bulgarien 2026: Medizin, Zahnmedizin, Pharmazie, IT und Business\",\"breadcrumb\":{\"@id\":\"https:\\\/\\\/edrusbg.com\\\/de\\\/universities\\\/#breadcrumb\"},\"inLanguage\":\"en-US\",\"potentialAction\":[{\"@type\":\"ReadAction\",\"target\":[\"https:\\\/\\\/edrusbg.com\\\/de\\\/universities\\\/\"]}]},{\"@type\":\"BreadcrumbList\",\"@id\":\"https:\\\/\\\/edrusbg.com\\\/de\\\/universities\\\/#breadcrumb\",\"itemListElement\":[{\"@type\":\"ListItem\",\"position\":1,\"name\":\"Home\",\"item\":\"https:\\\/\\\/edrusbg.com\\\/de\\\/\"},{\"@type\":\"ListItem\",\"position\":2,\"name\":\"Universit\u00e4ten\"}]},{\"@type\":\"WebSite\",\"@id\":\"https:\\\/\\\/edrusbg.com\\\/de\\\/#website\",\"url\":\"https:\\\/\\\/edrusbg.com\\\/de\\\/\",\"name\":\"Edrusbg\",\"description\":\"Study in Bulgaria\",\"publisher\":{\"@id\":\"https:\\\/\\\/edrusbg.com\\\/de\\\/#organization\"},\"potentialAction\":[{\"@type\":\"SearchAction\",\"target\":{\"@type\":\"EntryPoint\",\"urlTemplate\":\"https:\\\/\\\/edrusbg.com\\\/de\\\/?s={search_term_string}\"},\"query-input\":{\"@type\":\"PropertyValueSpecification\",\"valueRequired\":true,\"valueName\":\"search_term_string\"}}],\"inLanguage\":\"en-US\"},{\"@type\":\"Organization\",\"@id\":\"https:\\\/\\\/edrusbg.com\\\/de\\\/#organization\",\"name\":\"Edrusbg\",\"url\":\"https:\\\/\\\/edrusbg.com\\\/de\\\/\",\"logo\":{\"@type\":\"ImageObject\",\"inLanguage\":\"en-US\",\"@id\":\"https:\\\/\\\/edrusbg.com\\\/de\\\/#\\\/schema\\\/logo\\\/image\\\/\",\"url\":\"https:\\\/\\\/edrusbg.com\\\/de\\\/wp-content\\\/uploads\\\/2022\\\/12\\\/cropped-EDRUS-LOGO.png\",\"contentUrl\":\"https:\\\/\\\/edrusbg.com\\\/de\\\/wp-content\\\/uploads\\\/2022\\\/12\\\/cropped-EDRUS-LOGO.png\",\"width\":969,\"height\":323,\"caption\":\"Edrusbg\"},\"image\":{\"@id\":\"https:\\\/\\\/edrusbg.com\\\/de\\\/#\\\/schema\\\/logo\\\/image\\\/\"}}]}<\/script>\n<!-- \/ Yoast SEO Premium plugin. -->","yoast_head_json":{"title":"Top Universit\u00e4ten Bulgarien \u2013 Medizin, IT, Business & Pharmazie","description":"Entdecken Sie die besten Universit\u00e4ten in Bulgarien 2026: Medizin, Zahnmedizin, Pharmazie, IT und Business","robots":{"index":"index","follow":"follow","max-snippet":"max-snippet:-1","max-image-preview":"max-image-preview:large","max-video-preview":"max-video-preview:-1"},"canonical":"https:\/\/edrusbg.com\/de\/universities\/","og_locale":"en_US","og_type":"article","og_title":"Universit\u00e4ten","og_description":"Entdecken Sie die besten Universit\u00e4ten in Bulgarien 2026: Medizin, Zahnmedizin, Pharmazie, IT und Business","og_url":"https:\/\/edrusbg.com\/de\/universities\/","og_site_name":"Edrusbg","article_modified_time":"2025-10-24T17:16:29+00:00","twitter_card":"summary_large_image","twitter_misc":{"Est. reading time":"2 minutes"},"schema":{"@context":"https:\/\/schema.org","@graph":[{"@type":"WebPage","@id":"https:\/\/edrusbg.com\/de\/universities\/","url":"https:\/\/edrusbg.com\/de\/universities\/","name":"Top Universit\u00e4ten Bulgarien \u2013 Medizin, IT, Business & Pharmazie","isPartOf":{"@id":"https:\/\/edrusbg.com\/de\/#website"},"datePublished":"2022-11-11T14:56:19+00:00","dateModified":"2025-10-24T17:16:29+00:00","description":"Entdecken Sie die besten Universit\u00e4ten in Bulgarien 2026: Medizin, Zahnmedizin, Pharmazie, IT und Business","breadcrumb":{"@id":"https:\/\/edrusbg.com\/de\/universities\/#breadcrumb"},"inLanguage":"en-US","potentialAction":[{"@type":"ReadAction","target":["https:\/\/edrusbg.com\/de\/universities\/"]}]},{"@type":"BreadcrumbList","@id":"https:\/\/edrusbg.com\/de\/universities\/#breadcrumb","itemListElement":[{"@type":"ListItem","position":1,"name":"Home","item":"https:\/\/edrusbg.com\/de\/"},{"@type":"ListItem","position":2,"name":"Universit\u00e4ten"}]},{"@type":"WebSite","@id":"https:\/\/edrusbg.com\/de\/#website","url":"https:\/\/edrusbg.com\/de\/","name":"Edrusbg","description":"Study in Bulgaria","publisher":{"@id":"https:\/\/edrusbg.com\/de\/#organization"},"potentialAction":[{"@type":"SearchAction","target":{"@type":"EntryPoint","urlTemplate":"https:\/\/edrusbg.com\/de\/?s={search_term_string}"},"query-input":{"@type":"PropertyValueSpecification","valueRequired":true,"valueName":"search_term_string"}}],"inLanguage":"en-US"},{"@type":"Organization","@id":"https:\/\/edrusbg.com\/de\/#organization","name":"Edrusbg","url":"https:\/\/edrusbg.com\/de\/","logo":{"@type":"ImageObject","inLanguage":"en-US","@id":"https:\/\/edrusbg.com\/de\/#\/schema\/logo\/image\/","url":"https:\/\/edrusbg.com\/de\/wp-content\/uploads\/2022\/12\/cropped-EDRUS-LOGO.png","contentUrl":"https:\/\/edrusbg.com\/de\/wp-content\/uploads\/2022\/12\/cropped-EDRUS-LOGO.png","width":969,"height":323,"caption":"Edrusbg"},"image":{"@id":"https:\/\/edrusbg.com\/de\/#\/schema\/logo\/image\/"}}]}},"uagb_featured_image_src":{"full":false,"thumbnail":false,"medium":false,"medium_large":false,"large":false,"1536x1536":false,"2048x2048":false},"uagb_author_info":{"display_name":"admin","author_link":"https:\/\/edrusbg.com\/de\/author\/admin\/"},"uagb_comment_info":0,"uagb_excerpt":"Top-Universit\u00e4ten in Bulgarien \u2013 2026 Leitfaden f\u00fcr internationale &amp; arabische Studierende Wenn Sie planen, in Bulgarien zu studieren, ist die Wahl der richtigen Universit\u00e4t entscheidend.Bulgarien bietet einige der besten und erschwinglichsten Universit\u00e4ten Europas, mit hochwertiger Ausbildung, englischsprachigen Programmen und EU-anerkannten Abschl\u00fcssen. Egal ob Medizin, Zahnmedizin, Pharmazie, Informatik oder Betriebswirtschaft \u2013 wir helfen Ihnen, die ideale&hellip;","_links":{"self":[{"href":"https:\/\/edrusbg.com\/de\/wp-json\/wp\/v2\/pages\/694","targetHints":{"allow":["GET"]}}],"collection":[{"href":"https:\/\/edrusbg.com\/de\/wp-json\/wp\/v2\/pages"}],"about":[{"href":"https:\/\/edrusbg.com\/de\/wp-json\/wp\/v2\/types\/page"}],"author":[{"embeddable":true,"href":"https:\/\/edrusbg.com\/de\/wp-json\/wp\/v2\/users\/1"}],"replies":[{"embeddable":true,"href":"https:\/\/edrusbg.com\/de\/wp-json\/wp\/v2\/comments?post=694"}],"version-history":[{"count":50,"href":"https:\/\/edrusbg.com\/de\/wp-json\/wp\/v2\/pages\/694\/revisions"}],"predecessor-version":[{"id":2214,"href":"https:\/\/edrusbg.com\/de\/wp-json\/wp\/v2\/pages\/694\/revisions\/2214"}],"wp:attachment":[{"href":"https:\/\/edrusbg.com\/de\/wp-json\/wp\/v2\/media?parent=694"}],"curies":[{"name":"wp","href":"https:\/\/api.w.org\/{rel}","templated":true}]}}