{"id":629,"date":"2022-11-11T12:41:57","date_gmt":"2022-11-11T12:41:57","guid":{"rendered":"https:\/\/edrusbg.com\/de\/?page_id=629"},"modified":"2025-10-26T08:00:55","modified_gmt":"2025-10-26T08:00:55","slug":"admissions","status":"publish","type":"page","link":"https:\/\/edrusbg.com\/de\/admissions\/","title":{"rendered":"Zulassungsverfahren"},"content":{"rendered":"\t\t<div data-elementor-type=\"wp-page\" data-elementor-id=\"629\" class=\"elementor elementor-629\">\n\t\t\t\t\t\t<section class=\"elementor-section elementor-top-section elementor-element elementor-element-236381be elementor-section-boxed elementor-section-height-default elementor-section-height-default\" data-id=\"236381be\" data-element_type=\"section\" data-e-type=\"section\">\n\t\t\t\t\t\t<div class=\"elementor-container elementor-column-gap-default\">\n\t\t\t\t\t<div class=\"elementor-column elementor-col-100 elementor-top-column elementor-element elementor-element-3607202c\" data-id=\"3607202c\" data-element_type=\"column\" data-e-type=\"column\">\n\t\t\t<div class=\"elementor-widget-wrap elementor-element-populated\">\n\t\t\t\t\t\t<div class=\"elementor-element elementor-element-1424f1f9 elementor-widget elementor-widget-text-editor\" data-id=\"1424f1f9\" data-element_type=\"widget\" data-e-type=\"widget\" data-widget_type=\"text-editor.default\">\n\t\t\t\t<div class=\"elementor-widget-container\">\n\t\t\t\t\t\t\t\t\t<h3>Zulassung \u2013 Studieren in Bulgarien 2026<\/h3>\n<p data-start=\"233\" data-end=\"544\">Wenn Sie ein <strong data-start=\"246\" data-end=\"270\"><a href=\"https:\/\/edrusbg.com\/de\/study-in-bulgaria\/\">Studium in Bulgarien<\/a><\/strong> planen, ist es wichtig, die <strong data-start=\"299\" data-end=\"328\">Zulassungsvoraussetzungen<\/strong> und den Bewerbungsprozess genau zu kennen.<br data-start=\"371\" data-end=\"374\">Egal ob <strong data-start=\"382\" data-end=\"433\"><a href=\"https:\/\/edrusbg.com\/de\/medicine\/\">Medizin<\/a>, <a href=\"https:\/\/edrusbg.com\/de\/dentistry\/\">Zahnmedizin<\/a>, <a href=\"https:\/\/edrusbg.com\/de\/pharmacy\/\">Pharmazie<\/a> oder <a href=\"https:\/\/edrusbg.com\/de\/computer-science\/\">Informatik<\/a><\/strong>, unser Leitfaden unterst\u00fctzt Sie dabei, Ihre Bewerbung f\u00fcr das <strong data-start=\"497\" data-end=\"517\">Studienjahr 2026<\/strong> erfolgreich vorzubereiten.<\/p>\n<hr data-start=\"546\" data-end=\"549\">\n<h5>Allgemeine Zulassungsvoraussetzungen \u2013 Bachelorstudium<\/h5>\n<p data-start=\"610\" data-end=\"733\">Um an einer bulgarischen Universit\u00e4t zugelassen zu werden, m\u00fcssen internationale Studierende folgende Kriterien erf\u00fcllen:<\/p>\n<ul data-start=\"735\" data-end=\"956\">\n<li data-start=\"735\" data-end=\"778\">\n<p data-start=\"737\" data-end=\"778\"><strong data-start=\"737\" data-end=\"776\">Abgeschlossene Sekundarschulbildung<\/strong><\/p>\n<\/li>\n<li data-start=\"779\" data-end=\"855\">\n<p data-start=\"781\" data-end=\"855\"><strong data-start=\"781\" data-end=\"809\">Berechtigung zum Studium<\/strong> an einer Hochschule im Land des Abschlusses<\/p>\n<\/li>\n<li data-start=\"856\" data-end=\"956\">\n<p data-start=\"858\" data-end=\"956\"><strong data-start=\"858\" data-end=\"881\">Relevante Fachnoten<\/strong>: mindestens 62\u202f% der Maximalpunktzahl gem\u00e4\u00df dem Notensystem Ihres Landes<\/p>\n<\/li>\n<\/ul>\n<p data-start=\"958\" data-end=\"1131\">Unser Team unterst\u00fctzt insbesondere <strong data-start=\"994\" data-end=\"1019\">arabische Studierende<\/strong>, sodass alle akademischen und pers\u00f6nlichen Unterlagen den <strong data-start=\"1078\" data-end=\"1118\">Standards bulgarischer Universit\u00e4ten<\/strong> entsprechen.<\/p>\n<hr data-start=\"1133\" data-end=\"1136\">\n<h5>Erforderliche Bewerbungsunterlagen<\/h5>\n<p data-start=\"1177\" data-end=\"1222\">Bereiten Sie bitte folgende Unterlagen vor:<\/p>\n<ul data-start=\"1224\" data-end=\"1667\">\n<li data-start=\"1224\" data-end=\"1259\">\n<p data-start=\"1226\" data-end=\"1259\">Ausgef\u00fclltes Bewerbungsformular<\/p>\n<\/li>\n<li data-start=\"1260\" data-end=\"1365\">\n<p data-start=\"1262\" data-end=\"1365\">Original oder beglaubigte Kopien des <strong data-start=\"1299\" data-end=\"1319\">Abiturzeugnisses<\/strong> bzw. High-School-Diploms und Noten\u00fcbersicht<\/p>\n<\/li>\n<li data-start=\"1366\" data-end=\"1463\">\n<p data-start=\"1368\" data-end=\"1463\"><strong data-start=\"1368\" data-end=\"1410\">Bescheinigung des Bildungsministeriums<\/strong>, dass Sie f\u00fcr ein Hochschulstudium zugelassen sind<\/p>\n<\/li>\n<li data-start=\"1464\" data-end=\"1521\">\n<p data-start=\"1466\" data-end=\"1521\">Aktuelles \u00e4rztliches Attest (nicht \u00e4lter als 1 Monat)<\/p>\n<\/li>\n<li data-start=\"1522\" data-end=\"1589\">\n<p data-start=\"1524\" data-end=\"1589\">Kopie des Reisepasses (erste Seite mit lateinischen Buchstaben)<\/p>\n<\/li>\n<li data-start=\"1590\" data-end=\"1608\">\n<p data-start=\"1592\" data-end=\"1608\">Zwei Passfotos<\/p>\n<\/li>\n<li data-start=\"1609\" data-end=\"1667\">\n<p data-start=\"1611\" data-end=\"1667\">Kopien vorhandener Sprachzertifikate (falls vorhanden)<\/p>\n<\/li>\n<\/ul>\n<hr data-start=\"1669\" data-end=\"1672\">\n<h5>Visaunterst\u00fctzung &amp; Sprachpr\u00fcfungen<\/h5>\n<p data-start=\"1714\" data-end=\"2074\">Nach Erhalt des Zulassungsbescheids begleiten wir Sie durch das <strong data-start=\"1778\" data-end=\"1818\">bulgarische Studentenvisum-Verfahren<\/strong>.<br data-start=\"1819\" data-end=\"1822\">Einige Universit\u00e4ten verlangen zus\u00e4tzlich <strong data-start=\"1864\" data-end=\"1881\">Eingangstests<\/strong> in Englisch oder naturwissenschaftlichen F\u00e4chern (z.\u202fB. Biologie und Chemie).<br data-start=\"1959\" data-end=\"1962\">Wir bieten umfassende <strong data-start=\"1984\" data-end=\"2025\">Vorbereitungsmaterialien und Coaching<\/strong>, damit Sie diese Pr\u00fcfungen erfolgreich bestehen.<\/p>\n<hr data-start=\"2076\" data-end=\"2079\">\n<h5>Warum eine Bewerbung \u00fcber uns lohnt<\/h5>\n<p data-start=\"2121\" data-end=\"2229\"><strong data-start=\"2121\" data-end=\"2132\">Edrusbg<\/strong> unterst\u00fctzt internationale Studierende bei jedem Schritt des Bewerbungsprozesses in Bulgarien:<\/p>\n<ul data-start=\"2231\" data-end=\"2387\">\n<li data-start=\"2231\" data-end=\"2292\">\n<p data-start=\"2233\" data-end=\"2292\"><strong data-start=\"2233\" data-end=\"2263\">\u00dcberpr\u00fcfung der Unterlagen<\/strong> nach Universit\u00e4tsstandards<\/p>\n<\/li>\n<li data-start=\"2293\" data-end=\"2334\">\n<p data-start=\"2295\" data-end=\"2334\"><strong data-start=\"2295\" data-end=\"2332\">Visa- und Dokumentenunterst\u00fctzung<\/strong><\/p>\n<\/li>\n<li data-start=\"2335\" data-end=\"2387\">\n<p data-start=\"2337\" data-end=\"2387\"><strong data-start=\"2337\" data-end=\"2367\">Begleitung bei der Ankunft<\/strong> und Einschreibung<\/p>\n<\/li>\n<\/ul>\n<p data-start=\"2389\" data-end=\"2529\">F\u00fcr weitere Informationen besuchen Sie unsere Seite <strong data-start=\"2441\" data-end=\"2467\">Studieren in Bulgarien<\/strong> oder kontaktieren Sie uns f\u00fcr eine <a href=\"https:\/\/edrusbg.com\/de\/contact-us\/\"><strong data-start=\"2503\" data-end=\"2526\">kostenlose Beratung<\/strong>.<\/a><\/p>\n<p data-start=\"2531\" data-end=\"2649\">Besuchen Sie auch die <strong data-start=\"2553\" data-end=\"2581\">Varna Medical University<\/strong>, um sich \u00fcber spezifische Eingangsvoraussetzungen zu informieren.<\/p>\n<ol type=\"1\"><!-- \/wp:list-item --><\/ol>\n<p><!-- \/wp:list --><\/p>\t\t\t\t\t\t\t\t<\/div>\n\t\t\t\t<\/div>\n\t\t\t\t\t<\/div>\n\t\t<\/div>\n\t\t\t\t\t<\/div>\n\t\t<\/section>\n\t\t\t\t<\/div>\n\t\t","protected":false},"excerpt":{"rendered":"<p>Zulassung \u2013 Studieren in Bulgarien 2026 Wenn Sie ein Studium in Bulgarien planen, ist es wichtig, die Zulassungsvoraussetzungen und den Bewerbungsprozess genau zu kennen.Egal ob Medizin, Zahnmedizin, Pharmazie oder Informatik, unser Leitfaden unterst\u00fctzt Sie dabei, Ihre Bewerbung f\u00fcr das Studienjahr 2026 erfolgreich vorzubereiten. Allgemeine Zulassungsvoraussetzungen \u2013 Bachelorstudium Um an einer bulgarischen Universit\u00e4t zugelassen zu werden, &hellip;<\/p>\n<p class=\"read-more\"> <a class=\"\" href=\"https:\/\/edrusbg.com\/de\/admissions\/\"> <span class=\"screen-reader-text\">Zulassungsverfahren<\/span> Read More &raquo;<\/a><\/p>\n","protected":false},"author":1,"featured_media":0,"parent":0,"menu_order":0,"comment_status":"closed","ping_status":"closed","template":"","meta":{"_uag_custom_page_level_css":"","site-sidebar-layout":"default","site-content-layout":"default","ast-global-header-display":"","ast-main-header-display":"","ast-hfb-above-header-display":"","ast-hfb-below-header-display":"","ast-hfb-mobile-header-display":"","site-post-title":"disabled","ast-breadcrumbs-content":"","ast-featured-img":"","footer-sml-layout":"","theme-transparent-header-meta":"","adv-header-id-meta":"","stick-header-meta":"","header-above-stick-meta":"","header-main-stick-meta":"","header-below-stick-meta":"","slim_seo":{"title":"Zulassung Studium Bulgarien 2026 \u2013 Medizin, Pharmazie & IT","description":"Erfahren Sie alles \u00fcber die Zulassung an bulgarischen Universit\u00e4ten 2026. Bachelor- und Masterstudium in Medizin, Zahnmedizin, Pharmazie."},"footnotes":""},"class_list":["post-629","page","type-page","status-publish","hentry"],"yoast_head":"<!-- This site is optimized with the Yoast SEO Premium plugin v18.0 (Yoast SEO v27.5) - https:\/\/yoast.com\/product\/yoast-seo-premium-wordpress\/ -->\n<title>Zulassung Studium Bulgarien 2026 \u2013 Medizin, Pharmazie &amp; IT<\/title>\n<meta name=\"description\" content=\"Erfahren Sie alles \u00fcber die Zulassung an bulgarischen Universit\u00e4ten 2026. Bachelor- und Masterstudium in Medizin, Zahnmedizin, Pharmazie.\" \/>\n<meta name=\"robots\" content=\"index, follow, max-snippet:-1, max-image-preview:large, max-video-preview:-1\" \/>\n<link rel=\"canonical\" href=\"https:\/\/edrusbg.com\/de\/admissions\/\" \/>\n<meta property=\"og:locale\" content=\"en_US\" \/>\n<meta property=\"og:type\" content=\"article\" \/>\n<meta property=\"og:title\" content=\"Zulassungsverfahren\" \/>\n<meta property=\"og:description\" content=\"Erfahren Sie alles \u00fcber die Zulassung an bulgarischen Universit\u00e4ten 2026. Bachelor- und Masterstudium in Medizin, Zahnmedizin, Pharmazie.\" \/>\n<meta property=\"og:url\" content=\"https:\/\/edrusbg.com\/de\/admissions\/\" \/>\n<meta property=\"og:site_name\" content=\"Edrusbg\" \/>\n<meta property=\"article:modified_time\" content=\"2025-10-26T08:00:55+00:00\" \/>\n<meta name=\"twitter:card\" content=\"summary_large_image\" \/>\n<meta name=\"twitter:label1\" content=\"Est. reading time\" \/>\n\t<meta name=\"twitter:data1\" content=\"2 minutes\" \/>\n<script type=\"application\/ld+json\" class=\"yoast-schema-graph\">{\"@context\":\"https:\\\/\\\/schema.org\",\"@graph\":[{\"@type\":\"WebPage\",\"@id\":\"https:\\\/\\\/edrusbg.com\\\/de\\\/admissions\\\/\",\"url\":\"https:\\\/\\\/edrusbg.com\\\/de\\\/admissions\\\/\",\"name\":\"Zulassung Studium Bulgarien 2026 \u2013 Medizin, Pharmazie & IT\",\"isPartOf\":{\"@id\":\"https:\\\/\\\/edrusbg.com\\\/de\\\/#website\"},\"datePublished\":\"2022-11-11T12:41:57+00:00\",\"dateModified\":\"2025-10-26T08:00:55+00:00\",\"description\":\"Erfahren Sie alles \u00fcber die Zulassung an bulgarischen Universit\u00e4ten 2026. Bachelor- und Masterstudium in Medizin, Zahnmedizin, Pharmazie.\",\"breadcrumb\":{\"@id\":\"https:\\\/\\\/edrusbg.com\\\/de\\\/admissions\\\/#breadcrumb\"},\"inLanguage\":\"en-US\",\"potentialAction\":[{\"@type\":\"ReadAction\",\"target\":[\"https:\\\/\\\/edrusbg.com\\\/de\\\/admissions\\\/\"]}]},{\"@type\":\"BreadcrumbList\",\"@id\":\"https:\\\/\\\/edrusbg.com\\\/de\\\/admissions\\\/#breadcrumb\",\"itemListElement\":[{\"@type\":\"ListItem\",\"position\":1,\"name\":\"Home\",\"item\":\"https:\\\/\\\/edrusbg.com\\\/de\\\/\"},{\"@type\":\"ListItem\",\"position\":2,\"name\":\"Zulassungsverfahren\"}]},{\"@type\":\"WebSite\",\"@id\":\"https:\\\/\\\/edrusbg.com\\\/de\\\/#website\",\"url\":\"https:\\\/\\\/edrusbg.com\\\/de\\\/\",\"name\":\"Edrusbg\",\"description\":\"Study in Bulgaria\",\"publisher\":{\"@id\":\"https:\\\/\\\/edrusbg.com\\\/de\\\/#organization\"},\"potentialAction\":[{\"@type\":\"SearchAction\",\"target\":{\"@type\":\"EntryPoint\",\"urlTemplate\":\"https:\\\/\\\/edrusbg.com\\\/de\\\/?s={search_term_string}\"},\"query-input\":{\"@type\":\"PropertyValueSpecification\",\"valueRequired\":true,\"valueName\":\"search_term_string\"}}],\"inLanguage\":\"en-US\"},{\"@type\":\"Organization\",\"@id\":\"https:\\\/\\\/edrusbg.com\\\/de\\\/#organization\",\"name\":\"Edrusbg\",\"url\":\"https:\\\/\\\/edrusbg.com\\\/de\\\/\",\"logo\":{\"@type\":\"ImageObject\",\"inLanguage\":\"en-US\",\"@id\":\"https:\\\/\\\/edrusbg.com\\\/de\\\/#\\\/schema\\\/logo\\\/image\\\/\",\"url\":\"https:\\\/\\\/edrusbg.com\\\/de\\\/wp-content\\\/uploads\\\/2022\\\/12\\\/cropped-EDRUS-LOGO.png\",\"contentUrl\":\"https:\\\/\\\/edrusbg.com\\\/de\\\/wp-content\\\/uploads\\\/2022\\\/12\\\/cropped-EDRUS-LOGO.png\",\"width\":969,\"height\":323,\"caption\":\"Edrusbg\"},\"image\":{\"@id\":\"https:\\\/\\\/edrusbg.com\\\/de\\\/#\\\/schema\\\/logo\\\/image\\\/\"}}]}<\/script>\n<!-- \/ Yoast SEO Premium plugin. -->","yoast_head_json":{"title":"Zulassung Studium Bulgarien 2026 \u2013 Medizin, Pharmazie & IT","description":"Erfahren Sie alles \u00fcber die Zulassung an bulgarischen Universit\u00e4ten 2026. Bachelor- und Masterstudium in Medizin, Zahnmedizin, Pharmazie.","robots":{"index":"index","follow":"follow","max-snippet":"max-snippet:-1","max-image-preview":"max-image-preview:large","max-video-preview":"max-video-preview:-1"},"canonical":"https:\/\/edrusbg.com\/de\/admissions\/","og_locale":"en_US","og_type":"article","og_title":"Zulassungsverfahren","og_description":"Erfahren Sie alles \u00fcber die Zulassung an bulgarischen Universit\u00e4ten 2026. Bachelor- und Masterstudium in Medizin, Zahnmedizin, Pharmazie.","og_url":"https:\/\/edrusbg.com\/de\/admissions\/","og_site_name":"Edrusbg","article_modified_time":"2025-10-26T08:00:55+00:00","twitter_card":"summary_large_image","twitter_misc":{"Est. reading time":"2 minutes"},"schema":{"@context":"https:\/\/schema.org","@graph":[{"@type":"WebPage","@id":"https:\/\/edrusbg.com\/de\/admissions\/","url":"https:\/\/edrusbg.com\/de\/admissions\/","name":"Zulassung Studium Bulgarien 2026 \u2013 Medizin, Pharmazie & IT","isPartOf":{"@id":"https:\/\/edrusbg.com\/de\/#website"},"datePublished":"2022-11-11T12:41:57+00:00","dateModified":"2025-10-26T08:00:55+00:00","description":"Erfahren Sie alles \u00fcber die Zulassung an bulgarischen Universit\u00e4ten 2026. Bachelor- und Masterstudium in Medizin, Zahnmedizin, Pharmazie.","breadcrumb":{"@id":"https:\/\/edrusbg.com\/de\/admissions\/#breadcrumb"},"inLanguage":"en-US","potentialAction":[{"@type":"ReadAction","target":["https:\/\/edrusbg.com\/de\/admissions\/"]}]},{"@type":"BreadcrumbList","@id":"https:\/\/edrusbg.com\/de\/admissions\/#breadcrumb","itemListElement":[{"@type":"ListItem","position":1,"name":"Home","item":"https:\/\/edrusbg.com\/de\/"},{"@type":"ListItem","position":2,"name":"Zulassungsverfahren"}]},{"@type":"WebSite","@id":"https:\/\/edrusbg.com\/de\/#website","url":"https:\/\/edrusbg.com\/de\/","name":"Edrusbg","description":"Study in Bulgaria","publisher":{"@id":"https:\/\/edrusbg.com\/de\/#organization"},"potentialAction":[{"@type":"SearchAction","target":{"@type":"EntryPoint","urlTemplate":"https:\/\/edrusbg.com\/de\/?s={search_term_string}"},"query-input":{"@type":"PropertyValueSpecification","valueRequired":true,"valueName":"search_term_string"}}],"inLanguage":"en-US"},{"@type":"Organization","@id":"https:\/\/edrusbg.com\/de\/#organization","name":"Edrusbg","url":"https:\/\/edrusbg.com\/de\/","logo":{"@type":"ImageObject","inLanguage":"en-US","@id":"https:\/\/edrusbg.com\/de\/#\/schema\/logo\/image\/","url":"https:\/\/edrusbg.com\/de\/wp-content\/uploads\/2022\/12\/cropped-EDRUS-LOGO.png","contentUrl":"https:\/\/edrusbg.com\/de\/wp-content\/uploads\/2022\/12\/cropped-EDRUS-LOGO.png","width":969,"height":323,"caption":"Edrusbg"},"image":{"@id":"https:\/\/edrusbg.com\/de\/#\/schema\/logo\/image\/"}}]}},"uagb_featured_image_src":{"full":false,"thumbnail":false,"medium":false,"medium_large":false,"large":false,"1536x1536":false,"2048x2048":false},"uagb_author_info":{"display_name":"admin","author_link":"https:\/\/edrusbg.com\/de\/author\/admin\/"},"uagb_comment_info":0,"uagb_excerpt":"Zulassung \u2013 Studieren in Bulgarien 2026 Wenn Sie ein Studium in Bulgarien planen, ist es wichtig, die Zulassungsvoraussetzungen und den Bewerbungsprozess genau zu kennen.Egal ob Medizin, Zahnmedizin, Pharmazie oder Informatik, unser Leitfaden unterst\u00fctzt Sie dabei, Ihre Bewerbung f\u00fcr das Studienjahr 2026 erfolgreich vorzubereiten. Allgemeine Zulassungsvoraussetzungen \u2013 Bachelorstudium Um an einer bulgarischen Universit\u00e4t zugelassen zu werden,&hellip;","_links":{"self":[{"href":"https:\/\/edrusbg.com\/de\/wp-json\/wp\/v2\/pages\/629","targetHints":{"allow":["GET"]}}],"collection":[{"href":"https:\/\/edrusbg.com\/de\/wp-json\/wp\/v2\/pages"}],"about":[{"href":"https:\/\/edrusbg.com\/de\/wp-json\/wp\/v2\/types\/page"}],"author":[{"embeddable":true,"href":"https:\/\/edrusbg.com\/de\/wp-json\/wp\/v2\/users\/1"}],"replies":[{"embeddable":true,"href":"https:\/\/edrusbg.com\/de\/wp-json\/wp\/v2\/comments?post=629"}],"version-history":[{"count":30,"href":"https:\/\/edrusbg.com\/de\/wp-json\/wp\/v2\/pages\/629\/revisions"}],"predecessor-version":[{"id":2272,"href":"https:\/\/edrusbg.com\/de\/wp-json\/wp\/v2\/pages\/629\/revisions\/2272"}],"wp:attachment":[{"href":"https:\/\/edrusbg.com\/de\/wp-json\/wp\/v2\/media?parent=629"}],"curies":[{"name":"wp","href":"https:\/\/api.w.org\/{rel}","templated":true}]}}