{"id":610,"date":"2022-11-11T11:53:52","date_gmt":"2022-11-11T11:53:52","guid":{"rendered":"https:\/\/edrusbg.com\/de\/?page_id=610"},"modified":"2025-11-07T17:04:46","modified_gmt":"2025-11-07T17:04:46","slug":"dentistry","status":"publish","type":"page","link":"https:\/\/edrusbg.com\/de\/dentistry\/","title":{"rendered":"Zahnmedizin studieren Bulgarien"},"content":{"rendered":"\t\t<div data-elementor-type=\"wp-page\" data-elementor-id=\"610\" class=\"elementor elementor-610\">\n\t\t\t\t\t\t<section class=\"elementor-section elementor-top-section elementor-element elementor-element-ff63400 elementor-section-boxed elementor-section-height-default elementor-section-height-default\" data-id=\"ff63400\" data-element_type=\"section\" data-e-type=\"section\">\n\t\t\t\t\t\t<div class=\"elementor-container elementor-column-gap-default\">\n\t\t\t\t\t<div class=\"elementor-column elementor-col-100 elementor-top-column elementor-element elementor-element-2ac2292\" data-id=\"2ac2292\" data-element_type=\"column\" data-e-type=\"column\">\n\t\t\t<div class=\"elementor-widget-wrap elementor-element-populated\">\n\t\t\t\t\t\t<div class=\"elementor-element elementor-element-b185efb elementor-widget elementor-widget-image\" data-id=\"b185efb\" data-element_type=\"widget\" data-e-type=\"widget\" data-widget_type=\"image.default\">\n\t\t\t\t<div class=\"elementor-widget-container\">\n\t\t\t\t\t\t\t\t\t\t\t\t\t\t\t<img fetchpriority=\"high\" decoding=\"async\" width=\"1024\" height=\"512\" src=\"https:\/\/edrusbg.com\/de\/wp-content\/uploads\/2025\/11\/Medizin-1-1024x512.png\" class=\"attachment-large size-large wp-image-2301\" alt=\"Medizin (1)\" srcset=\"https:\/\/edrusbg.com\/de\/wp-content\/uploads\/2025\/11\/Medizin-1-1024x512.png 1024w, https:\/\/edrusbg.com\/de\/wp-content\/uploads\/2025\/11\/Medizin-1-300x150.png 300w, https:\/\/edrusbg.com\/de\/wp-content\/uploads\/2025\/11\/Medizin-1-768x384.png 768w, https:\/\/edrusbg.com\/de\/wp-content\/uploads\/2025\/11\/Medizin-1.png 1200w\" sizes=\"(max-width: 1024px) 100vw, 1024px\" \/>\t\t\t\t\t\t\t\t\t\t\t\t\t\t\t<\/div>\n\t\t\t\t<\/div>\n\t\t\t\t\t<\/div>\n\t\t<\/div>\n\t\t\t\t\t<\/div>\n\t\t<\/section>\n\t\t\t\t<section class=\"elementor-section elementor-top-section elementor-element elementor-element-f8c4fa6 elementor-section-boxed elementor-section-height-default elementor-section-height-default\" data-id=\"f8c4fa6\" data-element_type=\"section\" data-e-type=\"section\">\n\t\t\t\t\t\t<div class=\"elementor-container elementor-column-gap-default\">\n\t\t\t\t\t<div class=\"elementor-column elementor-col-100 elementor-top-column elementor-element elementor-element-4aeccdd7\" data-id=\"4aeccdd7\" data-element_type=\"column\" data-e-type=\"column\">\n\t\t\t<div class=\"elementor-widget-wrap elementor-element-populated\">\n\t\t\t\t\t\t<div class=\"elementor-element elementor-element-19a9811a elementor-widget elementor-widget-text-editor\" data-id=\"19a9811a\" data-element_type=\"widget\" data-e-type=\"widget\" data-widget_type=\"text-editor.default\">\n\t\t\t\t<div class=\"elementor-widget-container\">\n\t\t\t\t\t\t\t\t\t<h3>Zahnmedizin studieren in Bulgarien auf Englisch \u2013 G\u00fcnstig, anerkannt und praxisnah<\/h3>\n<p data-start=\"453\" data-end=\"828\">Wenn Studierende an ein Zahnmedizinstudium im Ausland denken, fallen h\u00e4ufig L\u00e4nder wie Italien, Deutschland oder Spanien ein. Bulgarien hat sich jedoch in den letzten Jahren zu einem der beliebtesten Ziele in Europa f\u00fcr internationale Studierende entwickelt, die Zahnmedizin auf Englisch zu einem erschwinglichen Preis studieren m\u00f6chten \u2013 ohne Kompromisse bei der Qualit\u00e4t.<\/p>\n<p data-start=\"830\" data-end=\"1086\">Mit moderner Infrastruktur, EU-weit anerkannten Abschl\u00fcssen und vollst\u00e4ndig englischsprachigen Zahnmedizin-Programmen ziehen bulgarische Universit\u00e4ten Studierende aus Gro\u00dfbritannien, Deutschland, Schweden, Indien, dem Nahen Osten und weiteren L\u00e4ndern an.<\/p>\n<hr data-start=\"1088\" data-end=\"1091\">\n<h5>Warum Zahnmedizin in Bulgarien studieren?<\/h5>\n<p data-start=\"1141\" data-end=\"1397\">Ein Studium der Zahnmedizin in Bulgarien bedeutet nicht nur Kostenvorteile, sondern auch eine hochwertige, praxisorientierte Ausbildung in einem international anerkannten Umfeld. Nachfolgend die Hauptgr\u00fcnde, warum immer mehr Studierende Bulgarien w\u00e4hlen:<\/p>\n<h5>Erschwingliche Studiengeb\u00fchren<\/h5>\n<p data-start=\"1436\" data-end=\"1683\">Die durchschnittlichen Studiengeb\u00fchren f\u00fcr Zahnmedizin betragen etwa 8.000 \u20ac pro Jahr \u2013 deutlich weniger als in Westeuropa. Dadurch k\u00f6nnen internationale Studierende Zahnmedizin im Ausland studieren, ohne hohe Studienkredite aufnehmen zu m\u00fcssen.<\/p>\n<h5>Englischsprachige Programme<\/h5>\n<p data-start=\"1719\" data-end=\"1972\">Bulgarien bietet vollst\u00e4ndig akkreditierte Studieng\u00e4nge in Zahnmedizin auf Englisch an. Diese Programme sind speziell auf internationale Studierende ausgerichtet und entsprechen in Aufbau und Qualit\u00e4t den medizinischen Studieng\u00e4ngen anderer EU-L\u00e4nder.<\/p>\n<h5>Anerkannte EU-Abschl\u00fcsse<\/h5>\n<p data-start=\"2005\" data-end=\"2312\">Ein zahnmedizinischer Abschluss aus Bulgarien ist in der gesamten EU anerkannt und in vielen L\u00e4ndern weltweit g\u00fcltig. Absolventinnen und Absolventen k\u00f6nnen in Europa praktizieren, sich f\u00fcr postgraduale Programme bewerben oder mit einem international respektierten Abschluss in ihr Heimatland zur\u00fcckkehren.<\/p>\n<h5>Praxisnahe Ausbildung<\/h5>\n<p data-start=\"2342\" data-end=\"2578\">Bereits in den ersten Studienjahren erhalten Studierende klinische Ausbildung in Universit\u00e4tskliniken und zahnmedizinischen Praxen. Unter Aufsicht erfahrener Dozentinnen und Dozenten arbeiten sie direkt mit Patientinnen und Patienten.<\/p>\n<h5>Internationales Studentenleben<\/h5>\n<p data-start=\"2617\" data-end=\"2922\">St\u00e4dte wie Sofia, Varna und Plovdiv bieten ein hervorragendes Umfeld f\u00fcr internationale Studierende \u2013 bezahlbare Mieten, vielf\u00e4ltige Freizeitm\u00f6glichkeiten, eine aktive Studierendengemeinschaft und englischsprachige Services. Die kulturelle Vielfalt f\u00f6rdert eine offene und internationale Lernatmosph\u00e4re.<\/p>\n<hr data-start=\"2924\" data-end=\"2927\">\n<h3>Top-Universit\u00e4ten f\u00fcr Zahnmedizin in Bulgarien (auf Englisch)<\/h3>\n<ul>\n<li>Sofia Medical University<\/li>\n<\/ul>\n<p data-start=\"3028\" data-end=\"3356\">Die Medizinische Universit\u00e4t Sofia z\u00e4hlt zu den angesehensten Hochschulen der Region. Sie bietet ein 5,5-j\u00e4hriges Master-Programm in Zahnmedizin, das vollst\u00e4ndig auf Englisch unterrichtet wird. Moderne Labore, universit\u00e4tseigene Kliniken und qualifizierte Lehrkr\u00e4fte gew\u00e4hrleisten eine fundierte, praxisorientierte Ausbildung.<\/p>\n<ul>\n<li>Plovdiv Medical University<\/li>\n<\/ul>\n<p data-start=\"3391\" data-end=\"3638\">Die Medizinische Universit\u00e4t Plovdiv ist bekannt f\u00fcr ihre akademische Exzellenz und internationale Gemeinschaft. Das englischsprachige Programm legt besonderen Wert auf moderne Technologien, wissenschaftliche Forschung und klinische Kompetenzen.<\/p>\n<ul>\n<li>Varna Medical University<\/li>\n<\/ul>\n<p data-start=\"3671\" data-end=\"3889\">An der Schwarzmeerk\u00fcste gelegen, kombiniert die Medizinische Universit\u00e4t Varna eine hochwertige theoretische Ausbildung mit intensiver praktischer Erfahrung. Eine moderne digitale Lernumgebung erg\u00e4nzt den Unterricht.<\/p>\n<blockquote data-start=\"3891\" data-end=\"4031\">\n<p data-start=\"3893\" data-end=\"4031\">Aufnahmepr\u00fcfung: Alle Universit\u00e4ten verlangen Pr\u00fcfungen in Biologie und Chemie. Die Abschl\u00fcsse entsprechen vollst\u00e4ndig den EU-Standards.<\/p>\n<\/blockquote>\n<hr data-start=\"4033\" data-end=\"4036\">\n<h5>Wichtige Informationen zum Zahnmedizinstudium in Bulgarien<\/h5>\n<div class=\"_tableContainer_1rjym_1\">\n<div class=\"group _tableWrapper_1rjym_13 flex w-fit flex-col-reverse\" tabindex=\"-1\">\n<table class=\"w-fit min-w-(--thread-content-width)\" data-start=\"4103\" data-end=\"4672\">\n<thead data-start=\"4103\" data-end=\"4126\">\n<tr data-start=\"4103\" data-end=\"4126\">\n<th data-start=\"4103\" data-end=\"4115\" data-col-size=\"sm\">Kategorie<\/th>\n<th data-start=\"4115\" data-end=\"4126\" data-col-size=\"md\">Details<\/th>\n<\/tr>\n<\/thead>\n<tbody data-start=\"4153\" data-end=\"4672\">\n<tr data-start=\"4153\" data-end=\"4227\">\n<td data-start=\"4153\" data-end=\"4168\" data-col-size=\"sm\">Studiendauer<\/td>\n<td data-col-size=\"md\" data-start=\"4168\" data-end=\"4227\">5 Jahre und 6 Monate (vorklinische und klinische Phase)<\/td>\n<\/tr>\n<tr data-start=\"4228\" data-end=\"4269\">\n<td data-start=\"4228\" data-end=\"4240\" data-col-size=\"sm\">Abschluss<\/td>\n<td data-col-size=\"md\" data-start=\"4240\" data-end=\"4269\">Master of Dental Medicine<\/td>\n<\/tr>\n<tr data-start=\"4270\" data-end=\"4325\">\n<td data-start=\"4270\" data-end=\"4288\" data-col-size=\"sm\">Studiengeb\u00fchren<\/td>\n<td data-col-size=\"md\" data-start=\"4288\" data-end=\"4325\">ca. 8.000 \u20ac pro akademischem Jahr<\/td>\n<\/tr>\n<tr data-start=\"4326\" data-end=\"4414\">\n<td data-start=\"4326\" data-end=\"4354\" data-col-size=\"sm\">Zulassungsvoraussetzungen<\/td>\n<td data-col-size=\"md\" data-start=\"4354\" data-end=\"4414\">Abiturzeugnis und Aufnahmepr\u00fcfung in Biologie und Chemie<\/td>\n<\/tr>\n<tr data-start=\"4415\" data-end=\"4448\">\n<td data-start=\"4415\" data-end=\"4436\" data-col-size=\"sm\">Unterrichtssprache<\/td>\n<td data-col-size=\"md\" data-start=\"4436\" data-end=\"4448\">Englisch<\/td>\n<\/tr>\n<tr data-start=\"4449\" data-end=\"4524\">\n<td data-start=\"4449\" data-end=\"4464\" data-col-size=\"sm\">Klassengr\u00f6\u00dfe<\/td>\n<td data-col-size=\"md\" data-start=\"4464\" data-end=\"4524\">Kleine Gruppen (10\u201315 Studierende) f\u00fcr intensives Lernen<\/td>\n<\/tr>\n<tr data-start=\"4525\" data-end=\"4594\">\n<td data-start=\"4525\" data-end=\"4548\" data-col-size=\"sm\">Klinische Ausbildung<\/td>\n<td data-col-size=\"md\" data-start=\"4548\" data-end=\"4594\">Beginn bereits in den ersten Studienjahren<\/td>\n<\/tr>\n<tr data-start=\"4595\" data-end=\"4672\">\n<td data-start=\"4595\" data-end=\"4608\" data-col-size=\"sm\">Sprachkurs<\/td>\n<td data-col-size=\"md\" data-start=\"4608\" data-end=\"4672\">Grundkurs Bulgarisch zur Vorbereitung auf Patientengespr\u00e4che<\/td>\n<\/tr>\n<\/tbody>\n<\/table>\n<\/div>\n<\/div>\n<hr data-start=\"4674\" data-end=\"4677\">\n<h5>Lebenshaltungskosten und Studentenleben<\/h5>\n<p data-start=\"4725\" data-end=\"4965\">Das Leben in Bulgarien geh\u00f6rt zu den g\u00fcnstigsten innerhalb der Europ\u00e4ischen Union. Ein Studierender kann mit monatlichen Gesamtkosten zwischen 500 \u20ac und 700 \u20ac rechnen \u2013 inklusive Unterkunft, Verpflegung, Transport und Freizeitaktivit\u00e4ten.<\/p>\n<p data-start=\"4967\" data-end=\"5206\">Besonders Varna und Plovdiv zeichnen sich durch Sicherheit, Internationalit\u00e4t und studentisches Flair aus. Studierende genie\u00dfen historische Sehensw\u00fcrdigkeiten, Naturparks, Str\u00e4nde, Caf\u00e9s und Wochenendreisen in benachbarte L\u00e4nder Europas.<\/p>\n<hr data-start=\"5208\" data-end=\"5211\">\n<h5>Karrierechancen nach dem Abschluss<\/h5>\n<p data-start=\"5254\" data-end=\"5341\">Ein Abschluss in Zahnmedizin aus Bulgarien er\u00f6ffnet zahlreiche Karrierem\u00f6glichkeiten:<\/p>\n<ul data-start=\"5343\" data-end=\"5656\">\n<li data-start=\"5343\" data-end=\"5424\">\n<p data-start=\"5345\" data-end=\"5424\">Registrierung beim <strong data-start=\"5364\" data-end=\"5396\">General Dental Council (GDC)<\/strong> im Vereinigten K\u00f6nigreich<\/p>\n<\/li>\n<li data-start=\"5425\" data-end=\"5511\">\n<p data-start=\"5427\" data-end=\"5511\">Bewerbung f\u00fcr <strong data-start=\"5441\" data-end=\"5467\">postgraduale Programme<\/strong> in Europa, Gro\u00dfbritannien und Nordamerika<\/p>\n<\/li>\n<li data-start=\"5512\" data-end=\"5582\">\n<p data-start=\"5514\" data-end=\"5582\"><strong data-start=\"5514\" data-end=\"5546\">Berufsaus\u00fcbung im Heimatland<\/strong> mit entsprechender Akkreditierung<\/p>\n<\/li>\n<li data-start=\"5583\" data-end=\"5656\">\n<p data-start=\"5585\" data-end=\"5656\">Zugang zu <strong data-start=\"5595\" data-end=\"5626\">EU-weiten Spezialisierungen<\/strong> und Forschungseinrichtungen<\/p>\n<\/li>\n<\/ul>\n<p data-start=\"5658\" data-end=\"5812\">Die internationale Erfahrung und die praxisorientierte Ausbildung w\u00e4hrend des Studiums werden weltweit von Arbeitgebern und Fachinstitutionen gesch\u00e4tzt.<\/p>\n<hr data-start=\"5814\" data-end=\"5817\">\n<h5>Bewerbungsprozess<\/h5>\n<p data-start=\"5843\" data-end=\"5919\"><b>F\u00fcr die Bewerbung an einer bulgarischen Universit\u00e4t ben\u00f6tigen Studierende:<\/b><\/p>\n<ol data-start=\"5921\" data-end=\"6182\">\n<li data-start=\"5921\" data-end=\"5978\">\n<p data-start=\"5924\" data-end=\"5978\">Abiturzeugnis mit guten Noten in Biologie und Chemie<\/p>\n<\/li>\n<li data-start=\"5979\" data-end=\"6025\">\n<p data-start=\"5982\" data-end=\"6025\">Nachweis ausreichender Englischkenntnisse<\/p>\n<\/li>\n<li data-start=\"6026\" data-end=\"6073\">\n<p data-start=\"6029\" data-end=\"6073\">Erfolgreiches Bestehen der Aufnahmepr\u00fcfung<\/p>\n<\/li>\n<li data-start=\"6074\" data-end=\"6182\">\n<p data-start=\"6077\" data-end=\"6182\">Vollst\u00e4ndige Bewerbungsunterlagen inklusive Reisepass, medizinischem Attest und akademischen Zeugnissen<\/p>\n<\/li>\n<\/ol>\n<p data-start=\"6184\" data-end=\"6292\">Die Bewerbungsphase beginnt in der Regel im Fr\u00fchjahr oder Fr\u00fchsommer. Der Studienstart erfolgt im Oktober.<\/p>\n<hr data-start=\"6294\" data-end=\"6297\">\n<h5>Starten Sie Ihre Karriere als Zahn\u00e4rztin oder Zahnarzt in Europa<\/h5>\n<p data-start=\"6370\" data-end=\"6653\">Ein Zahnmedizinstudium in Bulgarien bietet Ihnen die perfekte Kombination aus Qualit\u00e4t, internationaler Anerkennung und erschwinglichen Studiengeb\u00fchren. Mit einem Abschluss, der in Europa und weltweit anerkannt ist, k\u00f6nnen Sie Ihre Karriere im Gesundheitswesen erfolgreich starten.<\/p>\n<p data-start=\"6655\" data-end=\"6909\">Wir begleiten Sie auf jedem Schritt \u2013 von der Bewerbung \u00fcber die Visa-Unterst\u00fctzung bis hin zur Unterkunftssuche.&nbsp;<\/p><p data-start=\"6655\" data-end=\"6909\">Kontaktieren Sie uns noch heute, um Ihre Bewerbung zu beginnen und mehr \u00fcber das Zahnmedizinstudium in Bulgarien auf Englisch zu erfahren.<\/p>\t\t\t\t\t\t\t\t<\/div>\n\t\t\t\t<\/div>\n\t\t\t\t\t<\/div>\n\t\t<\/div>\n\t\t\t\t\t<\/div>\n\t\t<\/section>\n\t\t\t\t<\/div>\n\t\t","protected":false},"excerpt":{"rendered":"<p>Zahnmedizin studieren in Bulgarien auf Englisch \u2013 G\u00fcnstig, anerkannt und praxisnah Wenn Studierende an ein Zahnmedizinstudium im Ausland denken, fallen h\u00e4ufig L\u00e4nder wie Italien, Deutschland oder Spanien ein. Bulgarien hat sich jedoch in den letzten Jahren zu einem der beliebtesten Ziele in Europa f\u00fcr internationale Studierende entwickelt, die Zahnmedizin auf Englisch zu einem erschwinglichen Preis &hellip;<\/p>\n<p class=\"read-more\"> <a class=\"\" href=\"https:\/\/edrusbg.com\/de\/dentistry\/\"> <span class=\"screen-reader-text\">Zahnmedizin studieren Bulgarien<\/span> Read More &raquo;<\/a><\/p>\n","protected":false},"author":1,"featured_media":0,"parent":0,"menu_order":0,"comment_status":"closed","ping_status":"closed","template":"","meta":{"_uag_custom_page_level_css":"","site-sidebar-layout":"default","site-content-layout":"default","ast-global-header-display":"","ast-main-header-display":"","ast-hfb-above-header-display":"","ast-hfb-below-header-display":"","ast-hfb-mobile-header-display":"","site-post-title":"","ast-breadcrumbs-content":"","ast-featured-img":"","footer-sml-layout":"","theme-transparent-header-meta":"","adv-header-id-meta":"","stick-header-meta":"","header-above-stick-meta":"","header-main-stick-meta":"","header-below-stick-meta":"","slim_seo":{"title":"Study Dentistry in Bulgaria in English \u2013 University Application","description":"Dreaming of becoming a dentist? Study dentistry in Bulgaria in English with our support: university admission, visa processing & relocation"},"footnotes":""},"class_list":["post-610","page","type-page","status-publish","hentry"],"yoast_head":"<!-- This site is optimized with the Yoast SEO Premium plugin v18.0 (Yoast SEO v27.5) - https:\/\/yoast.com\/product\/yoast-seo-premium-wordpress\/ -->\n<title>Zahnmedizin studieren in Bulgarien 2026 \u2013 Auf Englisch<\/title>\n<meta name=\"description\" content=\"Studieren Sie Zahnmedizin in Bulgarien 2026: Englischsprachige Programme, niedrige Studiengeb\u00fchren und international anerkannter Abschluss.\" \/>\n<meta name=\"robots\" content=\"index, follow, max-snippet:-1, max-image-preview:large, max-video-preview:-1\" \/>\n<link rel=\"canonical\" href=\"https:\/\/edrusbg.com\/de\/dentistry\/\" \/>\n<meta property=\"og:locale\" content=\"en_US\" \/>\n<meta property=\"og:type\" content=\"article\" \/>\n<meta property=\"og:title\" content=\"Zahnmedizin studieren Bulgarien\" \/>\n<meta property=\"og:description\" content=\"Studieren Sie Zahnmedizin in Bulgarien 2026: Englischsprachige Programme, niedrige Studiengeb\u00fchren und international anerkannter Abschluss.\" \/>\n<meta property=\"og:url\" content=\"https:\/\/edrusbg.com\/de\/dentistry\/\" \/>\n<meta property=\"og:site_name\" content=\"Edrusbg\" \/>\n<meta property=\"article:modified_time\" content=\"2025-11-07T17:04:46+00:00\" \/>\n<meta property=\"og:image\" content=\"https:\/\/edrusbg.com\/de\/wp-content\/uploads\/2025\/11\/Medizin-1.png\" \/>\n\t<meta property=\"og:image:width\" content=\"1200\" \/>\n\t<meta property=\"og:image:height\" content=\"600\" \/>\n\t<meta property=\"og:image:type\" content=\"image\/png\" \/>\n<meta name=\"twitter:card\" content=\"summary_large_image\" \/>\n<meta name=\"twitter:label1\" content=\"Est. reading time\" \/>\n\t<meta name=\"twitter:data1\" content=\"4 minutes\" \/>\n<script type=\"application\/ld+json\" class=\"yoast-schema-graph\">{\"@context\":\"https:\\\/\\\/schema.org\",\"@graph\":[{\"@type\":\"WebPage\",\"@id\":\"https:\\\/\\\/edrusbg.com\\\/de\\\/dentistry\\\/\",\"url\":\"https:\\\/\\\/edrusbg.com\\\/de\\\/dentistry\\\/\",\"name\":\"Zahnmedizin studieren in Bulgarien 2026 \u2013 Auf Englisch\",\"isPartOf\":{\"@id\":\"https:\\\/\\\/edrusbg.com\\\/de\\\/#website\"},\"primaryImageOfPage\":{\"@id\":\"https:\\\/\\\/edrusbg.com\\\/de\\\/dentistry\\\/#primaryimage\"},\"image\":{\"@id\":\"https:\\\/\\\/edrusbg.com\\\/de\\\/dentistry\\\/#primaryimage\"},\"thumbnailUrl\":\"https:\\\/\\\/edrusbg.com\\\/de\\\/wp-content\\\/uploads\\\/2025\\\/11\\\/Medizin-1-1024x512.png\",\"datePublished\":\"2022-11-11T11:53:52+00:00\",\"dateModified\":\"2025-11-07T17:04:46+00:00\",\"description\":\"Studieren Sie Zahnmedizin in Bulgarien 2026: Englischsprachige Programme, niedrige Studiengeb\u00fchren und international anerkannter Abschluss.\",\"breadcrumb\":{\"@id\":\"https:\\\/\\\/edrusbg.com\\\/de\\\/dentistry\\\/#breadcrumb\"},\"inLanguage\":\"en-US\",\"potentialAction\":[{\"@type\":\"ReadAction\",\"target\":[\"https:\\\/\\\/edrusbg.com\\\/de\\\/dentistry\\\/\"]}]},{\"@type\":\"ImageObject\",\"inLanguage\":\"en-US\",\"@id\":\"https:\\\/\\\/edrusbg.com\\\/de\\\/dentistry\\\/#primaryimage\",\"url\":\"https:\\\/\\\/edrusbg.com\\\/de\\\/wp-content\\\/uploads\\\/2025\\\/11\\\/Medizin-1.png\",\"contentUrl\":\"https:\\\/\\\/edrusbg.com\\\/de\\\/wp-content\\\/uploads\\\/2025\\\/11\\\/Medizin-1.png\",\"width\":1200,\"height\":600,\"caption\":\"Medizin (1)\"},{\"@type\":\"BreadcrumbList\",\"@id\":\"https:\\\/\\\/edrusbg.com\\\/de\\\/dentistry\\\/#breadcrumb\",\"itemListElement\":[{\"@type\":\"ListItem\",\"position\":1,\"name\":\"Home\",\"item\":\"https:\\\/\\\/edrusbg.com\\\/de\\\/\"},{\"@type\":\"ListItem\",\"position\":2,\"name\":\"Zahnmedizin studieren Bulgarien\"}]},{\"@type\":\"WebSite\",\"@id\":\"https:\\\/\\\/edrusbg.com\\\/de\\\/#website\",\"url\":\"https:\\\/\\\/edrusbg.com\\\/de\\\/\",\"name\":\"Edrusbg\",\"description\":\"Study in Bulgaria\",\"publisher\":{\"@id\":\"https:\\\/\\\/edrusbg.com\\\/de\\\/#organization\"},\"potentialAction\":[{\"@type\":\"SearchAction\",\"target\":{\"@type\":\"EntryPoint\",\"urlTemplate\":\"https:\\\/\\\/edrusbg.com\\\/de\\\/?s={search_term_string}\"},\"query-input\":{\"@type\":\"PropertyValueSpecification\",\"valueRequired\":true,\"valueName\":\"search_term_string\"}}],\"inLanguage\":\"en-US\"},{\"@type\":\"Organization\",\"@id\":\"https:\\\/\\\/edrusbg.com\\\/de\\\/#organization\",\"name\":\"Edrusbg\",\"url\":\"https:\\\/\\\/edrusbg.com\\\/de\\\/\",\"logo\":{\"@type\":\"ImageObject\",\"inLanguage\":\"en-US\",\"@id\":\"https:\\\/\\\/edrusbg.com\\\/de\\\/#\\\/schema\\\/logo\\\/image\\\/\",\"url\":\"https:\\\/\\\/edrusbg.com\\\/de\\\/wp-content\\\/uploads\\\/2022\\\/12\\\/cropped-EDRUS-LOGO.png\",\"contentUrl\":\"https:\\\/\\\/edrusbg.com\\\/de\\\/wp-content\\\/uploads\\\/2022\\\/12\\\/cropped-EDRUS-LOGO.png\",\"width\":969,\"height\":323,\"caption\":\"Edrusbg\"},\"image\":{\"@id\":\"https:\\\/\\\/edrusbg.com\\\/de\\\/#\\\/schema\\\/logo\\\/image\\\/\"}}]}<\/script>\n<!-- \/ Yoast SEO Premium plugin. -->","yoast_head_json":{"title":"Zahnmedizin studieren in Bulgarien 2026 \u2013 Auf Englisch","description":"Studieren Sie Zahnmedizin in Bulgarien 2026: Englischsprachige Programme, niedrige Studiengeb\u00fchren und international anerkannter Abschluss.","robots":{"index":"index","follow":"follow","max-snippet":"max-snippet:-1","max-image-preview":"max-image-preview:large","max-video-preview":"max-video-preview:-1"},"canonical":"https:\/\/edrusbg.com\/de\/dentistry\/","og_locale":"en_US","og_type":"article","og_title":"Zahnmedizin studieren Bulgarien","og_description":"Studieren Sie Zahnmedizin in Bulgarien 2026: Englischsprachige Programme, niedrige Studiengeb\u00fchren und international anerkannter Abschluss.","og_url":"https:\/\/edrusbg.com\/de\/dentistry\/","og_site_name":"Edrusbg","article_modified_time":"2025-11-07T17:04:46+00:00","og_image":[{"width":1200,"height":600,"url":"https:\/\/edrusbg.com\/de\/wp-content\/uploads\/2025\/11\/Medizin-1.png","type":"image\/png"}],"twitter_card":"summary_large_image","twitter_misc":{"Est. reading time":"4 minutes"},"schema":{"@context":"https:\/\/schema.org","@graph":[{"@type":"WebPage","@id":"https:\/\/edrusbg.com\/de\/dentistry\/","url":"https:\/\/edrusbg.com\/de\/dentistry\/","name":"Zahnmedizin studieren in Bulgarien 2026 \u2013 Auf Englisch","isPartOf":{"@id":"https:\/\/edrusbg.com\/de\/#website"},"primaryImageOfPage":{"@id":"https:\/\/edrusbg.com\/de\/dentistry\/#primaryimage"},"image":{"@id":"https:\/\/edrusbg.com\/de\/dentistry\/#primaryimage"},"thumbnailUrl":"https:\/\/edrusbg.com\/de\/wp-content\/uploads\/2025\/11\/Medizin-1-1024x512.png","datePublished":"2022-11-11T11:53:52+00:00","dateModified":"2025-11-07T17:04:46+00:00","description":"Studieren Sie Zahnmedizin in Bulgarien 2026: Englischsprachige Programme, niedrige Studiengeb\u00fchren und international anerkannter Abschluss.","breadcrumb":{"@id":"https:\/\/edrusbg.com\/de\/dentistry\/#breadcrumb"},"inLanguage":"en-US","potentialAction":[{"@type":"ReadAction","target":["https:\/\/edrusbg.com\/de\/dentistry\/"]}]},{"@type":"ImageObject","inLanguage":"en-US","@id":"https:\/\/edrusbg.com\/de\/dentistry\/#primaryimage","url":"https:\/\/edrusbg.com\/de\/wp-content\/uploads\/2025\/11\/Medizin-1.png","contentUrl":"https:\/\/edrusbg.com\/de\/wp-content\/uploads\/2025\/11\/Medizin-1.png","width":1200,"height":600,"caption":"Medizin (1)"},{"@type":"BreadcrumbList","@id":"https:\/\/edrusbg.com\/de\/dentistry\/#breadcrumb","itemListElement":[{"@type":"ListItem","position":1,"name":"Home","item":"https:\/\/edrusbg.com\/de\/"},{"@type":"ListItem","position":2,"name":"Zahnmedizin studieren Bulgarien"}]},{"@type":"WebSite","@id":"https:\/\/edrusbg.com\/de\/#website","url":"https:\/\/edrusbg.com\/de\/","name":"Edrusbg","description":"Study in Bulgaria","publisher":{"@id":"https:\/\/edrusbg.com\/de\/#organization"},"potentialAction":[{"@type":"SearchAction","target":{"@type":"EntryPoint","urlTemplate":"https:\/\/edrusbg.com\/de\/?s={search_term_string}"},"query-input":{"@type":"PropertyValueSpecification","valueRequired":true,"valueName":"search_term_string"}}],"inLanguage":"en-US"},{"@type":"Organization","@id":"https:\/\/edrusbg.com\/de\/#organization","name":"Edrusbg","url":"https:\/\/edrusbg.com\/de\/","logo":{"@type":"ImageObject","inLanguage":"en-US","@id":"https:\/\/edrusbg.com\/de\/#\/schema\/logo\/image\/","url":"https:\/\/edrusbg.com\/de\/wp-content\/uploads\/2022\/12\/cropped-EDRUS-LOGO.png","contentUrl":"https:\/\/edrusbg.com\/de\/wp-content\/uploads\/2022\/12\/cropped-EDRUS-LOGO.png","width":969,"height":323,"caption":"Edrusbg"},"image":{"@id":"https:\/\/edrusbg.com\/de\/#\/schema\/logo\/image\/"}}]}},"uagb_featured_image_src":{"full":false,"thumbnail":false,"medium":false,"medium_large":false,"large":false,"1536x1536":false,"2048x2048":false},"uagb_author_info":{"display_name":"admin","author_link":"https:\/\/edrusbg.com\/de\/author\/admin\/"},"uagb_comment_info":0,"uagb_excerpt":"Zahnmedizin studieren in Bulgarien auf Englisch \u2013 G\u00fcnstig, anerkannt und praxisnah Wenn Studierende an ein Zahnmedizinstudium im Ausland denken, fallen h\u00e4ufig L\u00e4nder wie Italien, Deutschland oder Spanien ein. Bulgarien hat sich jedoch in den letzten Jahren zu einem der beliebtesten Ziele in Europa f\u00fcr internationale Studierende entwickelt, die Zahnmedizin auf Englisch zu einem erschwinglichen Preis&hellip;","_links":{"self":[{"href":"https:\/\/edrusbg.com\/de\/wp-json\/wp\/v2\/pages\/610","targetHints":{"allow":["GET"]}}],"collection":[{"href":"https:\/\/edrusbg.com\/de\/wp-json\/wp\/v2\/pages"}],"about":[{"href":"https:\/\/edrusbg.com\/de\/wp-json\/wp\/v2\/types\/page"}],"author":[{"embeddable":true,"href":"https:\/\/edrusbg.com\/de\/wp-json\/wp\/v2\/users\/1"}],"replies":[{"embeddable":true,"href":"https:\/\/edrusbg.com\/de\/wp-json\/wp\/v2\/comments?post=610"}],"version-history":[{"count":42,"href":"https:\/\/edrusbg.com\/de\/wp-json\/wp\/v2\/pages\/610\/revisions"}],"predecessor-version":[{"id":2304,"href":"https:\/\/edrusbg.com\/de\/wp-json\/wp\/v2\/pages\/610\/revisions\/2304"}],"wp:attachment":[{"href":"https:\/\/edrusbg.com\/de\/wp-json\/wp\/v2\/media?parent=610"}],"curies":[{"name":"wp","href":"https:\/\/api.w.org\/{rel}","templated":true}]}}