{"id":1532,"date":"2022-12-27T09:46:48","date_gmt":"2022-12-27T09:46:48","guid":{"rendered":"https:\/\/edrusbg.com\/de\/?page_id=1532"},"modified":"2025-11-07T17:49:07","modified_gmt":"2025-11-07T17:49:07","slug":"business-administration","status":"publish","type":"page","link":"https:\/\/edrusbg.com\/de\/business-administration\/","title":{"rendered":"BWL in Bulgarien studieren"},"content":{"rendered":"\t\t<div data-elementor-type=\"wp-page\" data-elementor-id=\"1532\" class=\"elementor elementor-1532\">\n\t\t\t\t\t\t<section class=\"elementor-section elementor-top-section elementor-element elementor-element-b462fc8 elementor-section-boxed elementor-section-height-default elementor-section-height-default\" data-id=\"b462fc8\" data-element_type=\"section\" data-e-type=\"section\">\n\t\t\t\t\t\t<div class=\"elementor-container elementor-column-gap-default\">\n\t\t\t\t\t<div class=\"elementor-column elementor-col-100 elementor-top-column elementor-element elementor-element-7a56542\" data-id=\"7a56542\" data-element_type=\"column\" data-e-type=\"column\">\n\t\t\t<div class=\"elementor-widget-wrap elementor-element-populated\">\n\t\t\t\t\t\t<div class=\"elementor-element elementor-element-a385af8 elementor-widget elementor-widget-image\" data-id=\"a385af8\" data-element_type=\"widget\" data-e-type=\"widget\" data-widget_type=\"image.default\">\n\t\t\t\t<div class=\"elementor-widget-container\">\n\t\t\t\t\t\t\t\t\t\t\t\t\t\t\t<img fetchpriority=\"high\" decoding=\"async\" width=\"1024\" height=\"512\" src=\"https:\/\/edrusbg.com\/de\/wp-content\/uploads\/2025\/11\/Medizin-3-1024x512.png\" class=\"attachment-large size-large wp-image-2328\" alt=\"Betriebswirtschaftslehre\" srcset=\"https:\/\/edrusbg.com\/de\/wp-content\/uploads\/2025\/11\/Medizin-3-1024x512.png 1024w, https:\/\/edrusbg.com\/de\/wp-content\/uploads\/2025\/11\/Medizin-3-300x150.png 300w, https:\/\/edrusbg.com\/de\/wp-content\/uploads\/2025\/11\/Medizin-3-768x384.png 768w, https:\/\/edrusbg.com\/de\/wp-content\/uploads\/2025\/11\/Medizin-3.png 1200w\" sizes=\"(max-width: 1024px) 100vw, 1024px\" \/>\t\t\t\t\t\t\t\t\t\t\t\t\t\t\t<\/div>\n\t\t\t\t<\/div>\n\t\t\t\t\t<\/div>\n\t\t<\/div>\n\t\t\t\t\t<\/div>\n\t\t<\/section>\n\t\t\t\t<section class=\"elementor-section elementor-top-section elementor-element elementor-element-fd63d3d elementor-section-boxed elementor-section-height-default elementor-section-height-default\" data-id=\"fd63d3d\" data-element_type=\"section\" data-e-type=\"section\">\n\t\t\t\t\t\t<div class=\"elementor-container elementor-column-gap-default\">\n\t\t\t\t\t<div class=\"elementor-column elementor-col-100 elementor-top-column elementor-element elementor-element-6456e5c\" data-id=\"6456e5c\" data-element_type=\"column\" data-e-type=\"column\">\n\t\t\t<div class=\"elementor-widget-wrap elementor-element-populated\">\n\t\t\t\t\t\t<div class=\"elementor-element elementor-element-f0916b6 elementor-widget elementor-widget-text-editor\" data-id=\"f0916b6\" data-element_type=\"widget\" data-e-type=\"widget\" data-widget_type=\"text-editor.default\">\n\t\t\t\t<div class=\"elementor-widget-container\">\n\t\t\t\t\t\t\t\t\t<h3>Betriebswirtschaftslehre in Bulgarien studieren \u2013 Englischsprachig &amp; international anerkannt<\/h3>\n<p data-start=\"321\" data-end=\"707\">Ein <strong data-start=\"325\" data-end=\"353\">BWL-Studium in Bulgarien<\/strong> bietet die ideale Kombination aus <strong data-start=\"388\" data-end=\"428\">hochwertiger akademischer Ausbildung<\/strong>, <strong data-start=\"430\" data-end=\"457\">praxisnahen Erfahrungen<\/strong> und <strong data-start=\"462\" data-end=\"503\">international anerkannten Abschl\u00fcssen<\/strong> \u2013 und das zu <strong data-start=\"517\" data-end=\"552\">erschwinglichen Studiengeb\u00fchren<\/strong>.<br data-start=\"553\" data-end=\"556\">Bulgarien geh\u00f6rt damit zu den <strong data-start=\"586\" data-end=\"632\">budgetfreundlichsten Studienzielen Europas<\/strong>, kombiniert hohe akademische Standards mit niedrigen Lebenshaltungskosten.<\/p>\n<p data-start=\"709\" data-end=\"940\">J\u00e4hrlich entscheiden sich zahlreiche internationale Studierende f\u00fcr <strong data-start=\"777\" data-end=\"812\">englischsprachige BWL-Programme<\/strong> in Bulgarien, um sich optimal auf eine Karriere in <strong data-start=\"864\" data-end=\"925\">Unternehmen, Start-ups oder im internationalen Management<\/strong> vorzubereiten.<\/p>\n<hr data-start=\"942\" data-end=\"945\">\n<h5>Vorteile eines BWL-Studiums in Bulgarien<\/h5>\n<p data-start=\"992\" data-end=\"1057\">Ein <strong data-start=\"996\" data-end=\"1036\">Studium der Betriebswirtschaftslehre<\/strong> in Bulgarien bietet:<\/p>\n<ul data-start=\"1059\" data-end=\"1360\">\n<li data-start=\"1059\" data-end=\"1104\">\n<p data-start=\"1061\" data-end=\"1104\"><strong data-start=\"1061\" data-end=\"1102\">International akkreditierte Programme<\/strong><\/p>\n<\/li>\n<li data-start=\"1105\" data-end=\"1157\">\n<p data-start=\"1107\" data-end=\"1157\"><strong data-start=\"1107\" data-end=\"1155\">Vollst\u00e4ndig auf Englisch unterrichtete Kurse<\/strong><\/p>\n<\/li>\n<li data-start=\"1158\" data-end=\"1220\">\n<p data-start=\"1160\" data-end=\"1220\"><strong data-start=\"1160\" data-end=\"1218\">Praktische Ausbildung, Austauschprogramme und Praktika<\/strong><\/p>\n<\/li>\n<li data-start=\"1221\" data-end=\"1283\">\n<p data-start=\"1223\" data-end=\"1283\"><strong data-start=\"1223\" data-end=\"1281\">Moderne Campus-Einrichtungen und erfahrene Professoren<\/strong><\/p>\n<\/li>\n<li data-start=\"1284\" data-end=\"1360\">\n<p data-start=\"1286\" data-end=\"1360\"><strong data-start=\"1286\" data-end=\"1358\">G\u00fcnstige Studiengeb\u00fchren und studentfreundliche Lebenshaltungskosten<\/strong><\/p>\n<\/li>\n<\/ul>\n<p data-start=\"1362\" data-end=\"1591\">Egal, ob Sie <strong data-start=\"1375\" data-end=\"1410\">ein eigenes Unternehmen gr\u00fcnden<\/strong> oder in einem <strong data-start=\"1425\" data-end=\"1452\">multinationalen Konzern<\/strong> arbeiten m\u00f6chten \u2013 die bulgarischen Wirtschaftshochschulen vermitteln sowohl <strong data-start=\"1530\" data-end=\"1554\">theoretisches Wissen<\/strong> als auch <strong data-start=\"1564\" data-end=\"1590\">praxisnahe F\u00e4higkeiten<\/strong>.<\/p>\n<hr data-start=\"1593\" data-end=\"1596\">\n<h3>Top-Universit\u00e4ten f\u00fcr Betriebswirtschaftslehre in Bulgarien (auf Englisch)<\/h3>\n<h5>Varna University of Management (VUM)<\/h5>\n<ul data-start=\"1718\" data-end=\"2089\">\n<li data-start=\"1718\" data-end=\"1808\">\n<p data-start=\"1720\" data-end=\"1808\"><strong data-start=\"1720\" data-end=\"1734\">Programme:<\/strong> Bachelor und Master in Business Administration &amp; International Business<\/p>\n<\/li>\n<li data-start=\"1809\" data-end=\"1878\">\n<p data-start=\"1811\" data-end=\"1878\"><strong data-start=\"1811\" data-end=\"1821\">Fokus:<\/strong> Unternehmertum, internationale Kooperationen (UK &amp; EU)<\/p>\n<\/li>\n<li data-start=\"1879\" data-end=\"2006\">\n<p data-start=\"1881\" data-end=\"1903\"><strong data-start=\"1881\" data-end=\"1901\">Studiengeb\u00fchren:<\/strong><\/p>\n<ul data-start=\"1906\" data-end=\"2006\">\n<li data-start=\"1906\" data-end=\"1972\">\n<p data-start=\"1908\" data-end=\"1972\">Bachelor: \u20ac3.900 pro Jahr (Nicht-EU), \u20ac3.000 pro Jahr (EU\/EEA)<\/p>\n<\/li>\n<li data-start=\"1975\" data-end=\"2006\">\n<p data-start=\"1977\" data-end=\"2006\">Master\/MBA: \u20ac3.900 pro Jahr<\/p>\n<\/li>\n<\/ul>\n<\/li>\n<li data-start=\"2007\" data-end=\"2089\">\n<p data-start=\"2009\" data-end=\"2089\"><strong data-start=\"2009\" data-end=\"2024\">Highlights:<\/strong> Praktika, Doppelabschlussoptionen, englischsprachige Programme<\/p>\n<\/li>\n<\/ul>\n<h5>Varna Free University (VFU) \u201cChernorizets Hrabar\u201d<\/h5>\n<ul data-start=\"2145\" data-end=\"2497\">\n<li data-start=\"2145\" data-end=\"2228\">\n<p data-start=\"2147\" data-end=\"2228\"><strong data-start=\"2147\" data-end=\"2161\">Programme:<\/strong> Bachelor und Master in International Business &amp; Entrepreneurship<\/p>\n<\/li>\n<li data-start=\"2229\" data-end=\"2322\">\n<p data-start=\"2231\" data-end=\"2253\"><strong data-start=\"2231\" data-end=\"2251\">Studiengeb\u00fchren:<\/strong><\/p>\n<ul data-start=\"2256\" data-end=\"2322\">\n<li data-start=\"2256\" data-end=\"2285\">\n<p data-start=\"2258\" data-end=\"2285\">Bachelor: \u20ac3.200 pro Jahr<\/p>\n<\/li>\n<li data-start=\"2288\" data-end=\"2322\">\n<p data-start=\"2290\" data-end=\"2322\">Master: \u20ac3.500\u2013\u20ac3.800 pro Jahr<\/p>\n<\/li>\n<\/ul>\n<\/li>\n<li data-start=\"2323\" data-end=\"2397\">\n<p data-start=\"2325\" data-end=\"2397\"><strong data-start=\"2325\" data-end=\"2338\">Standort:<\/strong> Varna, bedeutende Studentenstadt an der Schwarzmeerk\u00fcste<\/p>\n<\/li>\n<li data-start=\"2398\" data-end=\"2497\">\n<p data-start=\"2400\" data-end=\"2497\"><strong data-start=\"2400\" data-end=\"2415\">Highlights:<\/strong> Fokus auf internationales Management, Start-up-Kultur und praxisnahe Ausbildung<\/p>\n<\/li>\n<\/ul>\n<hr data-start=\"2499\" data-end=\"2502\">\n<h5>Studieninhalte<\/h5>\n<p data-start=\"2523\" data-end=\"2614\">Der Lehrplan f\u00fcr <strong data-start=\"2540\" data-end=\"2560\">BWL in Bulgarien<\/strong> deckt zentrale Bereiche der Unternehmensf\u00fchrung ab:<\/p>\n<ul data-start=\"2616\" data-end=\"2845\">\n<li data-start=\"2616\" data-end=\"2644\">\n<p data-start=\"2618\" data-end=\"2644\">Strategisches Management<\/p>\n<\/li>\n<li data-start=\"2645\" data-end=\"2669\">\n<p data-start=\"2647\" data-end=\"2669\">Unternehmensfinanzen<\/p>\n<\/li>\n<li data-start=\"2670\" data-end=\"2692\">\n<p data-start=\"2672\" data-end=\"2692\">Business-Statistik<\/p>\n<\/li>\n<li data-start=\"2693\" data-end=\"2726\">\n<p data-start=\"2695\" data-end=\"2726\">Marketing &amp; Digital Marketing<\/p>\n<\/li>\n<li data-start=\"2727\" data-end=\"2753\">\n<p data-start=\"2729\" data-end=\"2753\">Organisationsverhalten<\/p>\n<\/li>\n<li data-start=\"2754\" data-end=\"2780\">\n<p data-start=\"2756\" data-end=\"2780\">International Business<\/p>\n<\/li>\n<li data-start=\"2781\" data-end=\"2814\">\n<p data-start=\"2783\" data-end=\"2814\">Finanz- und Unternehmensrecht<\/p>\n<\/li>\n<li data-start=\"2815\" data-end=\"2845\">\n<p data-start=\"2817\" data-end=\"2845\">F\u00fchrung &amp; Entrepreneurship<\/p>\n<\/li>\n<\/ul>\n<p data-start=\"2847\" data-end=\"2952\"><strong data-start=\"2847\" data-end=\"2864\">Kursstruktur:<\/strong> Montag bis Freitag, ausreichend Zeit f\u00fcr au\u00dferschulische Aktivit\u00e4ten oder Teilzeitjobs.<\/p>\n<hr data-start=\"2954\" data-end=\"2957\">\n<h5>Akademische Struktur und Studentenleben<\/h5>\n<ul data-start=\"3003\" data-end=\"3338\">\n<li data-start=\"3003\" data-end=\"3054\">\n<p data-start=\"3005\" data-end=\"3054\"><strong data-start=\"3005\" data-end=\"3015\">Dauer:<\/strong> Bachelor 3\u20134 Jahre, Master 1\u20132 Jahre<\/p>\n<\/li>\n<li data-start=\"3055\" data-end=\"3091\">\n<p data-start=\"3057\" data-end=\"3091\"><strong data-start=\"3057\" data-end=\"3080\">Unterrichtssprache:<\/strong> Englisch<\/p>\n<\/li>\n<li data-start=\"3092\" data-end=\"3138\">\n<p data-start=\"3094\" data-end=\"3138\"><strong data-start=\"3094\" data-end=\"3112\">Studienbeginn:<\/strong> Oktober (Hauptsemester)<\/p>\n<\/li>\n<li data-start=\"3139\" data-end=\"3203\">\n<p data-start=\"3141\" data-end=\"3203\"><strong data-start=\"3141\" data-end=\"3162\">Semesterstruktur:<\/strong> Zwei Semester pro Jahr mit Sommerpause<\/p>\n<\/li>\n<li data-start=\"3204\" data-end=\"3338\">\n<p data-start=\"3206\" data-end=\"3338\"><strong data-start=\"3206\" data-end=\"3225\">Studentenleben:<\/strong> Bezahlbare Unterkunft, aktive Studierendengemeinschaften, kulturelle Veranstaltungen, Networking-M\u00f6glichkeiten<\/p>\n<\/li>\n<\/ul>\n<p data-start=\"3340\" data-end=\"3467\"><strong data-start=\"3340\" data-end=\"3365\">Lebenshaltungskosten:<\/strong> ca. \u20ac500\u2013\u20ac700\/Monat inklusive Miete, Verpflegung und Freizeit \u2013 deutlich g\u00fcnstiger als in Westeuropa.<\/p>\n<hr data-start=\"3469\" data-end=\"3472\">\n<h5>Karrierechancen nach dem Abschluss<\/h5>\n<p data-start=\"3513\" data-end=\"3673\">Absolventinnen und Absolventen der <strong data-start=\"3548\" data-end=\"3578\">BWL-Programme in Bulgarien<\/strong> sind hervorragend auf den <strong data-start=\"3605\" data-end=\"3630\">globalen Arbeitsmarkt<\/strong> vorbereitet und arbeiten in Bereichen wie:<\/p>\n<ul data-start=\"3675\" data-end=\"3836\">\n<li data-start=\"3675\" data-end=\"3701\">\n<p data-start=\"3677\" data-end=\"3701\">Finanzen &amp; Controlling<\/p>\n<\/li>\n<li data-start=\"3702\" data-end=\"3735\">\n<p data-start=\"3704\" data-end=\"3735\">Marketing &amp; Digital Marketing<\/p>\n<\/li>\n<li data-start=\"3736\" data-end=\"3757\">\n<p data-start=\"3738\" data-end=\"3757\">Projektmanagement<\/p>\n<\/li>\n<li data-start=\"3758\" data-end=\"3772\">\n<p data-start=\"3760\" data-end=\"3772\">Consulting<\/p>\n<\/li>\n<li data-start=\"3773\" data-end=\"3799\">\n<p data-start=\"3775\" data-end=\"3799\">Internationaler Handel<\/p>\n<\/li>\n<li data-start=\"3800\" data-end=\"3836\">\n<p data-start=\"3802\" data-end=\"3836\">Unternehmensgr\u00fcndung \/ Start-ups<\/p>\n<\/li>\n<\/ul>\n<p data-start=\"3838\" data-end=\"4028\">Dank international ausgerichteter Programme, Praktika und Branchennetzwerken haben Absolventen <strong data-start=\"3933\" data-end=\"4027\">beste Chancen auf eine Karriere in multinationalen Unternehmen oder im eigenen Unternehmen<\/strong>.<\/p>\n<hr data-start=\"4030\" data-end=\"4033\">\n<h3 data-start=\"4035\" data-end=\"4053\">&nbsp;<\/h3>\t\t\t\t\t\t\t\t<\/div>\n\t\t\t\t<\/div>\n\t\t\t\t\t<\/div>\n\t\t<\/div>\n\t\t\t\t\t<\/div>\n\t\t<\/section>\n\t\t\t\t<section class=\"elementor-section elementor-top-section elementor-element elementor-element-c5c71a7 elementor-section-boxed elementor-section-height-default elementor-section-height-default\" data-id=\"c5c71a7\" data-element_type=\"section\" data-e-type=\"section\">\n\t\t\t\t\t\t<div class=\"elementor-container elementor-column-gap-default\">\n\t\t\t\t\t<div class=\"elementor-column elementor-col-100 elementor-top-column elementor-element elementor-element-55330a5\" data-id=\"55330a5\" data-element_type=\"column\" data-e-type=\"column\">\n\t\t\t<div class=\"elementor-widget-wrap\">\n\t\t\t\t\t\t\t<\/div>\n\t\t<\/div>\n\t\t\t\t\t<\/div>\n\t\t<\/section>\n\t\t\t\t<\/div>\n\t\t","protected":false},"excerpt":{"rendered":"<p>Betriebswirtschaftslehre in Bulgarien studieren \u2013 Englischsprachig &amp; international anerkannt Ein BWL-Studium in Bulgarien bietet die ideale Kombination aus hochwertiger akademischer Ausbildung, praxisnahen Erfahrungen und international anerkannten Abschl\u00fcssen \u2013 und das zu erschwinglichen Studiengeb\u00fchren.Bulgarien geh\u00f6rt damit zu den budgetfreundlichsten Studienzielen Europas, kombiniert hohe akademische Standards mit niedrigen Lebenshaltungskosten. J\u00e4hrlich entscheiden sich zahlreiche internationale Studierende f\u00fcr englischsprachige &hellip;<\/p>\n<p class=\"read-more\"> <a class=\"\" href=\"https:\/\/edrusbg.com\/de\/business-administration\/\"> <span class=\"screen-reader-text\">BWL in Bulgarien studieren<\/span> Read More &raquo;<\/a><\/p>\n","protected":false},"author":1,"featured_media":0,"parent":0,"menu_order":0,"comment_status":"closed","ping_status":"closed","template":"","meta":{"_uag_custom_page_level_css":"","site-sidebar-layout":"no-sidebar","site-content-layout":"page-builder","ast-global-header-display":"","ast-main-header-display":"","ast-hfb-above-header-display":"","ast-hfb-below-header-display":"","ast-hfb-mobile-header-display":"","site-post-title":"disabled","ast-breadcrumbs-content":"","ast-featured-img":"disabled","footer-sml-layout":"","theme-transparent-header-meta":"","adv-header-id-meta":"","stick-header-meta":"","header-above-stick-meta":"","header-main-stick-meta":"","header-below-stick-meta":"","slim_seo":{"title":"Studieren Sie Betriebswirtschaftslehre in Bulgarien","description":"Studieren Sie Betriebswirtschaftslehre in Bulgarien: praxisnah, international anerkannt, mit Praktika und g\u00fcnstigen Studiengeb\u00fchren."},"footnotes":""},"class_list":["post-1532","page","type-page","status-publish","hentry"],"yoast_head":"<!-- This site is optimized with the Yoast SEO Premium plugin v18.0 (Yoast SEO v27.5) - https:\/\/yoast.com\/product\/yoast-seo-premium-wordpress\/ -->\n<title>Studieren Sie Betriebswirtschaftslehre in Bulgarien<\/title>\n<meta name=\"description\" content=\"Studieren Sie Betriebswirtschaftslehre in Bulgarien: praxisnah, international anerkannt, mit Praktika und g\u00fcnstigen Studiengeb\u00fchren.\" \/>\n<meta name=\"robots\" content=\"index, follow, max-snippet:-1, max-image-preview:large, max-video-preview:-1\" \/>\n<link rel=\"canonical\" href=\"https:\/\/edrusbg.com\/de\/business-administration\/\" \/>\n<meta property=\"og:locale\" content=\"en_US\" \/>\n<meta property=\"og:type\" content=\"article\" \/>\n<meta property=\"og:title\" content=\"BWL in Bulgarien studieren\" \/>\n<meta property=\"og:description\" content=\"Studieren Sie Betriebswirtschaftslehre in Bulgarien: praxisnah, international anerkannt, mit Praktika und g\u00fcnstigen Studiengeb\u00fchren.\" \/>\n<meta property=\"og:url\" content=\"https:\/\/edrusbg.com\/de\/business-administration\/\" \/>\n<meta property=\"og:site_name\" content=\"Edrusbg\" \/>\n<meta property=\"article:modified_time\" content=\"2025-11-07T17:49:07+00:00\" \/>\n<meta property=\"og:image\" content=\"https:\/\/edrusbg.com\/de\/wp-content\/uploads\/2025\/11\/Medizin-3-1024x512.png\" \/>\n<meta name=\"twitter:card\" content=\"summary_large_image\" \/>\n<meta name=\"twitter:label1\" content=\"Est. reading time\" \/>\n\t<meta name=\"twitter:data1\" content=\"2 minutes\" \/>\n<script type=\"application\/ld+json\" class=\"yoast-schema-graph\">{\"@context\":\"https:\\\/\\\/schema.org\",\"@graph\":[{\"@type\":\"WebPage\",\"@id\":\"https:\\\/\\\/edrusbg.com\\\/de\\\/business-administration\\\/\",\"url\":\"https:\\\/\\\/edrusbg.com\\\/de\\\/business-administration\\\/\",\"name\":\"Studieren Sie Betriebswirtschaftslehre in Bulgarien\",\"isPartOf\":{\"@id\":\"https:\\\/\\\/edrusbg.com\\\/de\\\/#website\"},\"primaryImageOfPage\":{\"@id\":\"https:\\\/\\\/edrusbg.com\\\/de\\\/business-administration\\\/#primaryimage\"},\"image\":{\"@id\":\"https:\\\/\\\/edrusbg.com\\\/de\\\/business-administration\\\/#primaryimage\"},\"thumbnailUrl\":\"https:\\\/\\\/edrusbg.com\\\/de\\\/wp-content\\\/uploads\\\/2025\\\/11\\\/Medizin-3-1024x512.png\",\"datePublished\":\"2022-12-27T09:46:48+00:00\",\"dateModified\":\"2025-11-07T17:49:07+00:00\",\"description\":\"Studieren Sie Betriebswirtschaftslehre in Bulgarien: praxisnah, international anerkannt, mit Praktika und g\u00fcnstigen Studiengeb\u00fchren.\",\"breadcrumb\":{\"@id\":\"https:\\\/\\\/edrusbg.com\\\/de\\\/business-administration\\\/#breadcrumb\"},\"inLanguage\":\"en-US\",\"potentialAction\":[{\"@type\":\"ReadAction\",\"target\":[\"https:\\\/\\\/edrusbg.com\\\/de\\\/business-administration\\\/\"]}]},{\"@type\":\"ImageObject\",\"inLanguage\":\"en-US\",\"@id\":\"https:\\\/\\\/edrusbg.com\\\/de\\\/business-administration\\\/#primaryimage\",\"url\":\"https:\\\/\\\/edrusbg.com\\\/de\\\/wp-content\\\/uploads\\\/2025\\\/11\\\/Medizin-3.png\",\"contentUrl\":\"https:\\\/\\\/edrusbg.com\\\/de\\\/wp-content\\\/uploads\\\/2025\\\/11\\\/Medizin-3.png\",\"width\":1200,\"height\":600,\"caption\":\"Betriebswirtschaftslehre\"},{\"@type\":\"BreadcrumbList\",\"@id\":\"https:\\\/\\\/edrusbg.com\\\/de\\\/business-administration\\\/#breadcrumb\",\"itemListElement\":[{\"@type\":\"ListItem\",\"position\":1,\"name\":\"Home\",\"item\":\"https:\\\/\\\/edrusbg.com\\\/de\\\/\"},{\"@type\":\"ListItem\",\"position\":2,\"name\":\"BWL in Bulgarien studieren\"}]},{\"@type\":\"WebSite\",\"@id\":\"https:\\\/\\\/edrusbg.com\\\/de\\\/#website\",\"url\":\"https:\\\/\\\/edrusbg.com\\\/de\\\/\",\"name\":\"Edrusbg\",\"description\":\"Study in Bulgaria\",\"publisher\":{\"@id\":\"https:\\\/\\\/edrusbg.com\\\/de\\\/#organization\"},\"potentialAction\":[{\"@type\":\"SearchAction\",\"target\":{\"@type\":\"EntryPoint\",\"urlTemplate\":\"https:\\\/\\\/edrusbg.com\\\/de\\\/?s={search_term_string}\"},\"query-input\":{\"@type\":\"PropertyValueSpecification\",\"valueRequired\":true,\"valueName\":\"search_term_string\"}}],\"inLanguage\":\"en-US\"},{\"@type\":\"Organization\",\"@id\":\"https:\\\/\\\/edrusbg.com\\\/de\\\/#organization\",\"name\":\"Edrusbg\",\"url\":\"https:\\\/\\\/edrusbg.com\\\/de\\\/\",\"logo\":{\"@type\":\"ImageObject\",\"inLanguage\":\"en-US\",\"@id\":\"https:\\\/\\\/edrusbg.com\\\/de\\\/#\\\/schema\\\/logo\\\/image\\\/\",\"url\":\"https:\\\/\\\/edrusbg.com\\\/de\\\/wp-content\\\/uploads\\\/2022\\\/12\\\/cropped-EDRUS-LOGO.png\",\"contentUrl\":\"https:\\\/\\\/edrusbg.com\\\/de\\\/wp-content\\\/uploads\\\/2022\\\/12\\\/cropped-EDRUS-LOGO.png\",\"width\":969,\"height\":323,\"caption\":\"Edrusbg\"},\"image\":{\"@id\":\"https:\\\/\\\/edrusbg.com\\\/de\\\/#\\\/schema\\\/logo\\\/image\\\/\"}}]}<\/script>\n<!-- \/ Yoast SEO Premium plugin. -->","yoast_head_json":{"title":"Studieren Sie Betriebswirtschaftslehre in Bulgarien","description":"Studieren Sie Betriebswirtschaftslehre in Bulgarien: praxisnah, international anerkannt, mit Praktika und g\u00fcnstigen Studiengeb\u00fchren.","robots":{"index":"index","follow":"follow","max-snippet":"max-snippet:-1","max-image-preview":"max-image-preview:large","max-video-preview":"max-video-preview:-1"},"canonical":"https:\/\/edrusbg.com\/de\/business-administration\/","og_locale":"en_US","og_type":"article","og_title":"BWL in Bulgarien studieren","og_description":"Studieren Sie Betriebswirtschaftslehre in Bulgarien: praxisnah, international anerkannt, mit Praktika und g\u00fcnstigen Studiengeb\u00fchren.","og_url":"https:\/\/edrusbg.com\/de\/business-administration\/","og_site_name":"Edrusbg","article_modified_time":"2025-11-07T17:49:07+00:00","og_image":[{"url":"https:\/\/edrusbg.com\/de\/wp-content\/uploads\/2025\/11\/Medizin-3-1024x512.png","type":"","width":"","height":""}],"twitter_card":"summary_large_image","twitter_misc":{"Est. reading time":"2 minutes"},"schema":{"@context":"https:\/\/schema.org","@graph":[{"@type":"WebPage","@id":"https:\/\/edrusbg.com\/de\/business-administration\/","url":"https:\/\/edrusbg.com\/de\/business-administration\/","name":"Studieren Sie Betriebswirtschaftslehre in Bulgarien","isPartOf":{"@id":"https:\/\/edrusbg.com\/de\/#website"},"primaryImageOfPage":{"@id":"https:\/\/edrusbg.com\/de\/business-administration\/#primaryimage"},"image":{"@id":"https:\/\/edrusbg.com\/de\/business-administration\/#primaryimage"},"thumbnailUrl":"https:\/\/edrusbg.com\/de\/wp-content\/uploads\/2025\/11\/Medizin-3-1024x512.png","datePublished":"2022-12-27T09:46:48+00:00","dateModified":"2025-11-07T17:49:07+00:00","description":"Studieren Sie Betriebswirtschaftslehre in Bulgarien: praxisnah, international anerkannt, mit Praktika und g\u00fcnstigen Studiengeb\u00fchren.","breadcrumb":{"@id":"https:\/\/edrusbg.com\/de\/business-administration\/#breadcrumb"},"inLanguage":"en-US","potentialAction":[{"@type":"ReadAction","target":["https:\/\/edrusbg.com\/de\/business-administration\/"]}]},{"@type":"ImageObject","inLanguage":"en-US","@id":"https:\/\/edrusbg.com\/de\/business-administration\/#primaryimage","url":"https:\/\/edrusbg.com\/de\/wp-content\/uploads\/2025\/11\/Medizin-3.png","contentUrl":"https:\/\/edrusbg.com\/de\/wp-content\/uploads\/2025\/11\/Medizin-3.png","width":1200,"height":600,"caption":"Betriebswirtschaftslehre"},{"@type":"BreadcrumbList","@id":"https:\/\/edrusbg.com\/de\/business-administration\/#breadcrumb","itemListElement":[{"@type":"ListItem","position":1,"name":"Home","item":"https:\/\/edrusbg.com\/de\/"},{"@type":"ListItem","position":2,"name":"BWL in Bulgarien studieren"}]},{"@type":"WebSite","@id":"https:\/\/edrusbg.com\/de\/#website","url":"https:\/\/edrusbg.com\/de\/","name":"Edrusbg","description":"Study in Bulgaria","publisher":{"@id":"https:\/\/edrusbg.com\/de\/#organization"},"potentialAction":[{"@type":"SearchAction","target":{"@type":"EntryPoint","urlTemplate":"https:\/\/edrusbg.com\/de\/?s={search_term_string}"},"query-input":{"@type":"PropertyValueSpecification","valueRequired":true,"valueName":"search_term_string"}}],"inLanguage":"en-US"},{"@type":"Organization","@id":"https:\/\/edrusbg.com\/de\/#organization","name":"Edrusbg","url":"https:\/\/edrusbg.com\/de\/","logo":{"@type":"ImageObject","inLanguage":"en-US","@id":"https:\/\/edrusbg.com\/de\/#\/schema\/logo\/image\/","url":"https:\/\/edrusbg.com\/de\/wp-content\/uploads\/2022\/12\/cropped-EDRUS-LOGO.png","contentUrl":"https:\/\/edrusbg.com\/de\/wp-content\/uploads\/2022\/12\/cropped-EDRUS-LOGO.png","width":969,"height":323,"caption":"Edrusbg"},"image":{"@id":"https:\/\/edrusbg.com\/de\/#\/schema\/logo\/image\/"}}]}},"uagb_featured_image_src":{"full":false,"thumbnail":false,"medium":false,"medium_large":false,"large":false,"1536x1536":false,"2048x2048":false},"uagb_author_info":{"display_name":"admin","author_link":"https:\/\/edrusbg.com\/de\/author\/admin\/"},"uagb_comment_info":0,"uagb_excerpt":"Betriebswirtschaftslehre in Bulgarien studieren \u2013 Englischsprachig &amp; international anerkannt Ein BWL-Studium in Bulgarien bietet die ideale Kombination aus hochwertiger akademischer Ausbildung, praxisnahen Erfahrungen und international anerkannten Abschl\u00fcssen \u2013 und das zu erschwinglichen Studiengeb\u00fchren.Bulgarien geh\u00f6rt damit zu den budgetfreundlichsten Studienzielen Europas, kombiniert hohe akademische Standards mit niedrigen Lebenshaltungskosten. J\u00e4hrlich entscheiden sich zahlreiche internationale Studierende f\u00fcr englischsprachige&hellip;","_links":{"self":[{"href":"https:\/\/edrusbg.com\/de\/wp-json\/wp\/v2\/pages\/1532","targetHints":{"allow":["GET"]}}],"collection":[{"href":"https:\/\/edrusbg.com\/de\/wp-json\/wp\/v2\/pages"}],"about":[{"href":"https:\/\/edrusbg.com\/de\/wp-json\/wp\/v2\/types\/page"}],"author":[{"embeddable":true,"href":"https:\/\/edrusbg.com\/de\/wp-json\/wp\/v2\/users\/1"}],"replies":[{"embeddable":true,"href":"https:\/\/edrusbg.com\/de\/wp-json\/wp\/v2\/comments?post=1532"}],"version-history":[{"count":31,"href":"https:\/\/edrusbg.com\/de\/wp-json\/wp\/v2\/pages\/1532\/revisions"}],"predecessor-version":[{"id":2332,"href":"https:\/\/edrusbg.com\/de\/wp-json\/wp\/v2\/pages\/1532\/revisions\/2332"}],"wp:attachment":[{"href":"https:\/\/edrusbg.com\/de\/wp-json\/wp\/v2\/media?parent=1532"}],"curies":[{"name":"wp","href":"https:\/\/api.w.org\/{rel}","templated":true}]}}