{"id":1002,"date":"2022-11-15T10:52:00","date_gmt":"2022-11-15T10:52:00","guid":{"rendered":"https:\/\/edrusbg.com\/de\/?page_id=1002"},"modified":"2025-10-24T17:44:55","modified_gmt":"2025-10-24T17:44:55","slug":"tuition-fees","status":"publish","type":"page","link":"https:\/\/edrusbg.com\/de\/tuition-fees\/","title":{"rendered":"Studiengeb\u00fchren in Bulgarien"},"content":{"rendered":"\t\t<div data-elementor-type=\"wp-page\" data-elementor-id=\"1002\" class=\"elementor elementor-1002\">\n\t\t\t\t\t\t<section class=\"elementor-section elementor-top-section elementor-element elementor-element-3d6a73c2 elementor-section-boxed elementor-section-height-default elementor-section-height-default\" data-id=\"3d6a73c2\" data-element_type=\"section\" data-e-type=\"section\">\n\t\t\t\t\t\t<div class=\"elementor-container elementor-column-gap-default\">\n\t\t\t\t\t<div class=\"elementor-column elementor-col-100 elementor-top-column elementor-element elementor-element-7e32a9bc\" data-id=\"7e32a9bc\" data-element_type=\"column\" data-e-type=\"column\">\n\t\t\t<div class=\"elementor-widget-wrap elementor-element-populated\">\n\t\t\t\t\t\t<div class=\"elementor-element elementor-element-707fe684 elementor-widget elementor-widget-text-editor\" data-id=\"707fe684\" data-element_type=\"widget\" data-e-type=\"widget\" data-widget_type=\"text-editor.default\">\n\t\t\t\t<div class=\"elementor-widget-container\">\n\t\t\t\t\t\t\t\t\t<h3>Studiengeb\u00fchren in Bulgarien 2025\u20132026<\/h3><h3><span style=\"font-style: inherit; font-weight: inherit; font-size: 16px; color: rgba(0, 0, 0, 0.5); font-family: Archivo, sans-serif;\">Planen Sie ein <\/span><strong style=\"font-style: inherit; font-size: 16px; color: rgba(0, 0, 0, 0.5); font-family: Archivo, sans-serif;\" data-start=\"277\" data-end=\"301\">Studium in Bulgarien<\/strong><span style=\"font-style: inherit; font-weight: inherit; font-size: 16px; color: rgba(0, 0, 0, 0.5); font-family: Archivo, sans-serif;\">? Die Studiengeb\u00fchren sind im Vergleich zu vielen anderen europ\u00e4ischen L\u00e4ndern \u00e4u\u00dferst g\u00fcnstig, w\u00e4hrend die Abschl\u00fcsse <\/span><strong style=\"font-style: inherit; font-size: 16px; color: rgba(0, 0, 0, 0.5); font-family: Archivo, sans-serif;\" data-start=\"420\" data-end=\"441\">EU-weit anerkannt<\/strong><span style=\"font-style: inherit; font-weight: inherit; font-size: 16px; color: rgba(0, 0, 0, 0.5); font-family: Archivo, sans-serif;\"> und international respektiert sind. Nachfolgend finden Sie die aktuellen Studiengeb\u00fchren 2025\u20132026 f\u00fcr internationale Studierende in den wichtigsten Fachbereichen.<\/span><\/h3><hr data-start=\"609\" data-end=\"612\" \/><h5>Medizin &amp; Zahnmedizin<\/h5><div class=\"_tableContainer_1rjym_1\"><div class=\"group _tableWrapper_1rjym_13 flex w-fit flex-col-reverse\" tabindex=\"-1\"><table class=\"w-fit min-w-(--thread-content-width)\" data-start=\"640\" data-end=\"1013\"><thead data-start=\"640\" data-end=\"679\"><tr data-start=\"640\" data-end=\"679\"><th data-start=\"640\" data-end=\"654\" data-col-size=\"sm\">Universit\u00e4t<\/th><th data-start=\"654\" data-end=\"664\" data-col-size=\"sm\">Medizin<\/th><th data-start=\"664\" data-end=\"679\" data-col-size=\"sm\">Zahnmedizin<\/th><\/tr><\/thead><tbody data-start=\"717\" data-end=\"1013\"><tr data-start=\"717\" data-end=\"764\"><td data-start=\"717\" data-end=\"744\" data-col-size=\"sm\">Sofia Medical University<\/td><td data-col-size=\"sm\" data-start=\"744\" data-end=\"753\">\u20ac9.950<\/td><td data-col-size=\"sm\" data-start=\"753\" data-end=\"764\">\u20ac10.000<\/td><\/tr><tr data-start=\"765\" data-end=\"822\"><td data-start=\"765\" data-end=\"808\" data-col-size=\"sm\">Sofia Universit\u00e4t \u201eSt. Kliment Ohridski\u201c<\/td><td data-col-size=\"sm\" data-start=\"808\" data-end=\"817\">\u20ac7.700<\/td><td data-col-size=\"sm\" data-start=\"817\" data-end=\"822\">\u2013<\/td><\/tr><tr data-start=\"823\" data-end=\"871\"><td data-start=\"823\" data-end=\"852\" data-col-size=\"sm\">Plovdiv Medical University<\/td><td data-col-size=\"sm\" data-start=\"852\" data-end=\"861\">\u20ac9.000<\/td><td data-col-size=\"sm\" data-start=\"861\" data-end=\"871\">\u20ac9.000<\/td><\/tr><tr data-start=\"872\" data-end=\"921\"><td data-start=\"872\" data-end=\"907\" data-col-size=\"sm\">Trakia University (Stara Zagora)<\/td><td data-col-size=\"sm\" data-start=\"907\" data-end=\"916\">\u20ac7.000<\/td><td data-col-size=\"sm\" data-start=\"916\" data-end=\"921\">\u2013<\/td><\/tr><tr data-start=\"922\" data-end=\"970\"><td data-start=\"922\" data-end=\"949\" data-col-size=\"sm\">Varna Medical University<\/td><td data-col-size=\"sm\" data-start=\"949\" data-end=\"959\">\u20ac10.000<\/td><td data-col-size=\"sm\" data-start=\"959\" data-end=\"970\">\u20ac10.000<\/td><\/tr><tr data-start=\"971\" data-end=\"1013\"><td data-start=\"971\" data-end=\"999\" data-col-size=\"sm\">Pleven Medical University<\/td><td data-col-size=\"sm\" data-start=\"999\" data-end=\"1008\">\u20ac9.000<\/td><td data-col-size=\"sm\" data-start=\"1008\" data-end=\"1013\">\u2013<\/td><\/tr><\/tbody><\/table><\/div><\/div><hr data-start=\"1015\" data-end=\"1018\" \/><h5>Pharmazie<\/h5><div class=\"_tableContainer_1rjym_1\"><div class=\"group _tableWrapper_1rjym_13 flex w-fit flex-col-reverse\" tabindex=\"-1\"><table class=\"w-fit min-w-(--thread-content-width)\" data-start=\"1034\" data-end=\"1270\"><thead data-start=\"1034\" data-end=\"1067\"><tr data-start=\"1034\" data-end=\"1067\"><th data-start=\"1034\" data-end=\"1048\" data-col-size=\"sm\">Universit\u00e4t<\/th><th data-start=\"1048\" data-end=\"1067\" data-col-size=\"sm\">Studiengeb\u00fchren<\/th><\/tr><\/thead><tbody data-start=\"1100\" data-end=\"1270\"><tr data-start=\"1100\" data-end=\"1138\"><td data-start=\"1100\" data-end=\"1127\" data-col-size=\"sm\">Sofia Medical University<\/td><td data-col-size=\"sm\" data-start=\"1127\" data-end=\"1138\">\u20ac10.340<\/td><\/tr><tr data-start=\"1139\" data-end=\"1192\"><td data-start=\"1139\" data-end=\"1182\" data-col-size=\"sm\">Sofia Universit\u00e4t \u201eSt. Kliment Ohridski\u201c<\/td><td data-col-size=\"sm\" data-start=\"1182\" data-end=\"1192\">\u20ac6.000<\/td><\/tr><tr data-start=\"1193\" data-end=\"1232\"><td data-start=\"1193\" data-end=\"1222\" data-col-size=\"sm\">Plovdiv Medical University<\/td><td data-col-size=\"sm\" data-start=\"1222\" data-end=\"1232\">\u20ac6.000<\/td><\/tr><tr data-start=\"1233\" data-end=\"1270\"><td data-start=\"1233\" data-end=\"1260\" data-col-size=\"sm\">Varna Medical University<\/td><td data-col-size=\"sm\" data-start=\"1260\" data-end=\"1270\">\u20ac8.000<\/td><\/tr><\/tbody><\/table><\/div><\/div><hr data-start=\"1272\" data-end=\"1275\" \/><h5>Informatik \/ IT<\/h5><div class=\"_tableContainer_1rjym_1\"><div class=\"group _tableWrapper_1rjym_13 flex w-fit flex-col-reverse\" tabindex=\"-1\"><table class=\"w-fit min-w-(--thread-content-width)\" data-start=\"1297\" data-end=\"1496\"><thead data-start=\"1297\" data-end=\"1330\"><tr data-start=\"1297\" data-end=\"1330\"><th data-start=\"1297\" data-end=\"1311\" data-col-size=\"sm\">Universit\u00e4t<\/th><th data-start=\"1311\" data-end=\"1330\" data-col-size=\"sm\">Studiengeb\u00fchren<\/th><\/tr><\/thead><tbody data-start=\"1363\" data-end=\"1496\"><tr data-start=\"1363\" data-end=\"1404\"><td data-start=\"1363\" data-end=\"1394\" data-col-size=\"sm\">Technische Universit\u00e4t Sofia<\/td><td data-col-size=\"sm\" data-start=\"1394\" data-end=\"1404\">\u20ac3.500<\/td><\/tr><tr data-start=\"1405\" data-end=\"1446\"><td data-start=\"1405\" data-end=\"1436\" data-col-size=\"sm\">Technische Universit\u00e4t Varna<\/td><td data-col-size=\"sm\" data-start=\"1436\" data-end=\"1446\">\u20ac3.500<\/td><\/tr><tr data-start=\"1447\" data-end=\"1496\"><td data-start=\"1447\" data-end=\"1486\" data-col-size=\"sm\">Varna University of Management (VUM)<\/td><td data-col-size=\"sm\" data-start=\"1486\" data-end=\"1496\">\u20ac4.200<\/td><\/tr><\/tbody><\/table><\/div><\/div><hr data-start=\"1498\" data-end=\"1501\" \/><h5>Maritime Wissenschaft &amp; Schiffsingenieurwesen<\/h5><div class=\"_tableContainer_1rjym_1\"><div class=\"group _tableWrapper_1rjym_13 flex w-fit flex-col-reverse\" tabindex=\"-1\"><table class=\"w-fit min-w-(--thread-content-width)\" data-start=\"1553\" data-end=\"1693\"><thead data-start=\"1553\" data-end=\"1586\"><tr data-start=\"1553\" data-end=\"1586\"><th data-start=\"1553\" data-end=\"1567\" data-col-size=\"sm\">Universit\u00e4t<\/th><th data-start=\"1567\" data-end=\"1586\" data-col-size=\"sm\">Studiengeb\u00fchren<\/th><\/tr><\/thead><tbody data-start=\"1619\" data-end=\"1693\"><tr data-start=\"1619\" data-end=\"1651\"><td data-start=\"1619\" data-end=\"1641\" data-col-size=\"sm\">Naval Academy Varna<\/td><td data-col-size=\"sm\" data-start=\"1641\" data-end=\"1651\">\u20ac4.000<\/td><\/tr><tr data-start=\"1652\" data-end=\"1693\"><td data-start=\"1652\" data-end=\"1683\" data-col-size=\"sm\">Technische Universit\u00e4t Varna<\/td><td data-col-size=\"sm\" data-start=\"1683\" data-end=\"1693\">\u20ac3.200<\/td><\/tr><\/tbody><\/table><\/div><\/div><hr data-start=\"1695\" data-end=\"1698\" \/><h5>Betriebswirtschaftslehre &amp; Management<\/h5><div class=\"_tableContainer_1rjym_1\"><div class=\"group _tableWrapper_1rjym_13 flex w-fit flex-col-reverse\" tabindex=\"-1\"><table class=\"w-fit min-w-(--thread-content-width)\" data-start=\"1742\" data-end=\"1892\"><thead data-start=\"1742\" data-end=\"1775\"><tr data-start=\"1742\" data-end=\"1775\"><th data-start=\"1742\" data-end=\"1756\" data-col-size=\"sm\">Universit\u00e4t<\/th><th data-start=\"1756\" data-end=\"1775\" data-col-size=\"sm\">Studiengeb\u00fchren<\/th><\/tr><\/thead><tbody data-start=\"1808\" data-end=\"1892\"><tr data-start=\"1808\" data-end=\"1857\"><td data-start=\"1808\" data-end=\"1847\" data-col-size=\"sm\">Varna University of Management (VUM)<\/td><td data-col-size=\"sm\" data-start=\"1847\" data-end=\"1857\">\u20ac4.000<\/td><\/tr><tr data-start=\"1858\" data-end=\"1892\"><td data-start=\"1858\" data-end=\"1882\" data-col-size=\"sm\">Varna Free University<\/td><td data-col-size=\"sm\" data-start=\"1882\" data-end=\"1892\">\u20ac4.000<\/td><\/tr><\/tbody><\/table><\/div><\/div><hr data-start=\"1894\" data-end=\"1897\" \/><h5>Weitere zu ber\u00fccksichtigende Kosten<\/h5><ul data-start=\"1939\" data-end=\"2152\"><li data-start=\"1939\" data-end=\"2005\"><p data-start=\"1941\" data-end=\"2005\"><strong data-start=\"1941\" data-end=\"1956\">Unterkunft:<\/strong> \u20ac200\u2013\u20ac400\/Monat (Wohnheim oder eigene Wohnung)<\/p><\/li><li data-start=\"2006\" data-end=\"2083\"><p data-start=\"2008\" data-end=\"2083\"><strong data-start=\"2008\" data-end=\"2033\">Lebenshaltungskosten:<\/strong> \u20ac400\u2013\u20ac800\/Monat (Essen, Transport, Nebenkosten)<\/p><\/li><li data-start=\"2084\" data-end=\"2152\"><p data-start=\"2086\" data-end=\"2152\"><strong data-start=\"2086\" data-end=\"2120\">Einschreibe-\/Pr\u00fcfungsgeb\u00fchren:<\/strong> \u20ac50\u2013\u20ac440, je nach Universit\u00e4t<\/p><\/li><\/ul><hr data-start=\"2154\" data-end=\"2157\" \/><h5>Fazit<\/h5><p data-start=\"2169\" data-end=\"2488\">Bulgarische Universit\u00e4ten bieten <strong data-start=\"2202\" data-end=\"2228\">hochwertige Ausbildung<\/strong> zu wettbewerbsf\u00e4higen Preisen, insbesondere in den Bereichen <strong data-start=\"2290\" data-end=\"2328\">Medizin, Zahnmedizin und Pharmazie<\/strong>. Dank niedriger Studiengeb\u00fchren und Lebenshaltungskosten z\u00e4hlen diese Programme zu den kosteneffizientesten und international anerkannten Optionen in Europa.<\/p><p data-start=\"2490\" data-end=\"2642\">F\u00fcr eine <strong data-start=\"2499\" data-end=\"2523\">pers\u00f6nliche Beratung<\/strong>, den Vergleich von Programmen, St\u00e4dten oder Kostenpl\u00e4nen, kontaktieren Sie uns gerne f\u00fcr eine <strong data-start=\"2618\" data-end=\"2641\">kostenlose Beratung<\/strong>.<\/p><p data-start=\"2490\" data-end=\"2642\">\u00a0<\/p>\t\t\t\t\t\t\t\t<\/div>\n\t\t\t\t<\/div>\n\t\t\t\t\t<\/div>\n\t\t<\/div>\n\t\t\t\t\t<\/div>\n\t\t<\/section>\n\t\t\t\t<\/div>\n\t\t","protected":false},"excerpt":{"rendered":"<p>Studiengeb\u00fchren in Bulgarien 2025\u20132026 Planen Sie ein Studium in Bulgarien? Die Studiengeb\u00fchren sind im Vergleich zu vielen anderen europ\u00e4ischen L\u00e4ndern \u00e4u\u00dferst g\u00fcnstig, w\u00e4hrend die Abschl\u00fcsse EU-weit anerkannt und international respektiert sind. Nachfolgend finden Sie die aktuellen Studiengeb\u00fchren 2025\u20132026 f\u00fcr internationale Studierende in den wichtigsten Fachbereichen. Medizin &amp; Zahnmedizin Universit\u00e4t Medizin Zahnmedizin Sofia Medical University \u20ac9.950 &hellip;<\/p>\n<p class=\"read-more\"> <a class=\"\" href=\"https:\/\/edrusbg.com\/de\/tuition-fees\/\"> <span class=\"screen-reader-text\">Studiengeb\u00fchren in Bulgarien<\/span> Read More &raquo;<\/a><\/p>\n","protected":false},"author":1,"featured_media":0,"parent":0,"menu_order":0,"comment_status":"closed","ping_status":"closed","template":"","meta":{"_uag_custom_page_level_css":"","site-sidebar-layout":"default","site-content-layout":"default","ast-global-header-display":"","ast-main-header-display":"","ast-hfb-above-header-display":"","ast-hfb-below-header-display":"","ast-hfb-mobile-header-display":"","site-post-title":"disabled","ast-breadcrumbs-content":"","ast-featured-img":"","footer-sml-layout":"","theme-transparent-header-meta":"","adv-header-id-meta":"","stick-header-meta":"","header-above-stick-meta":"","header-main-stick-meta":"","header-below-stick-meta":"","slim_seo":{"title":"Studiengeb\u00fchren in Bulgarien 2026 \u2013 Medizin, Zahnmedizin","description":"Entdecken Sie die Studiengeb\u00fchren in Bulgarien: G\u00fcnstige Kosten f\u00fcr Medizin, Zahnmedizin, Pharmazie, Informatik & BWL."},"footnotes":""},"class_list":["post-1002","page","type-page","status-publish","hentry"],"yoast_head":"<!-- This site is optimized with the Yoast SEO Premium plugin v18.0 (Yoast SEO v27.5) - https:\/\/yoast.com\/product\/yoast-seo-premium-wordpress\/ -->\n<title>Studiengeb\u00fchren in Bulgarien 2026 \u2013 Medizin, Zahnmedizin<\/title>\n<meta name=\"description\" content=\"Entdecken Sie die Studiengeb\u00fchren in Bulgarien: G\u00fcnstige Kosten f\u00fcr Medizin, Zahnmedizin, Pharmazie, Informatik &amp; BWL.\" \/>\n<meta name=\"robots\" content=\"index, follow, max-snippet:-1, max-image-preview:large, max-video-preview:-1\" \/>\n<link rel=\"canonical\" href=\"https:\/\/edrusbg.com\/de\/tuition-fees\/\" \/>\n<meta property=\"og:locale\" content=\"en_US\" \/>\n<meta property=\"og:type\" content=\"article\" \/>\n<meta property=\"og:title\" content=\"Studiengeb\u00fchren in Bulgarien\" \/>\n<meta property=\"og:description\" content=\"Entdecken Sie die Studiengeb\u00fchren in Bulgarien: G\u00fcnstige Kosten f\u00fcr Medizin, Zahnmedizin, Pharmazie, Informatik &amp; BWL.\" \/>\n<meta property=\"og:url\" content=\"https:\/\/edrusbg.com\/de\/tuition-fees\/\" \/>\n<meta property=\"og:site_name\" content=\"Edrusbg\" \/>\n<meta property=\"article:modified_time\" content=\"2025-10-24T17:44:55+00:00\" \/>\n<meta name=\"twitter:card\" content=\"summary_large_image\" \/>\n<meta name=\"twitter:label1\" content=\"Est. reading time\" \/>\n\t<meta name=\"twitter:data1\" content=\"1 minute\" \/>\n<script type=\"application\/ld+json\" class=\"yoast-schema-graph\">{\"@context\":\"https:\\\/\\\/schema.org\",\"@graph\":[{\"@type\":\"WebPage\",\"@id\":\"https:\\\/\\\/edrusbg.com\\\/de\\\/tuition-fees\\\/\",\"url\":\"https:\\\/\\\/edrusbg.com\\\/de\\\/tuition-fees\\\/\",\"name\":\"Studiengeb\u00fchren in Bulgarien 2026 \u2013 Medizin, Zahnmedizin\",\"isPartOf\":{\"@id\":\"https:\\\/\\\/edrusbg.com\\\/de\\\/#website\"},\"datePublished\":\"2022-11-15T10:52:00+00:00\",\"dateModified\":\"2025-10-24T17:44:55+00:00\",\"description\":\"Entdecken Sie die Studiengeb\u00fchren in Bulgarien: G\u00fcnstige Kosten f\u00fcr Medizin, Zahnmedizin, Pharmazie, Informatik & BWL.\",\"breadcrumb\":{\"@id\":\"https:\\\/\\\/edrusbg.com\\\/de\\\/tuition-fees\\\/#breadcrumb\"},\"inLanguage\":\"en-US\",\"potentialAction\":[{\"@type\":\"ReadAction\",\"target\":[\"https:\\\/\\\/edrusbg.com\\\/de\\\/tuition-fees\\\/\"]}]},{\"@type\":\"BreadcrumbList\",\"@id\":\"https:\\\/\\\/edrusbg.com\\\/de\\\/tuition-fees\\\/#breadcrumb\",\"itemListElement\":[{\"@type\":\"ListItem\",\"position\":1,\"name\":\"Home\",\"item\":\"https:\\\/\\\/edrusbg.com\\\/de\\\/\"},{\"@type\":\"ListItem\",\"position\":2,\"name\":\"Studiengeb\u00fchren in Bulgarien\"}]},{\"@type\":\"WebSite\",\"@id\":\"https:\\\/\\\/edrusbg.com\\\/de\\\/#website\",\"url\":\"https:\\\/\\\/edrusbg.com\\\/de\\\/\",\"name\":\"Edrusbg\",\"description\":\"Study in Bulgaria\",\"publisher\":{\"@id\":\"https:\\\/\\\/edrusbg.com\\\/de\\\/#organization\"},\"potentialAction\":[{\"@type\":\"SearchAction\",\"target\":{\"@type\":\"EntryPoint\",\"urlTemplate\":\"https:\\\/\\\/edrusbg.com\\\/de\\\/?s={search_term_string}\"},\"query-input\":{\"@type\":\"PropertyValueSpecification\",\"valueRequired\":true,\"valueName\":\"search_term_string\"}}],\"inLanguage\":\"en-US\"},{\"@type\":\"Organization\",\"@id\":\"https:\\\/\\\/edrusbg.com\\\/de\\\/#organization\",\"name\":\"Edrusbg\",\"url\":\"https:\\\/\\\/edrusbg.com\\\/de\\\/\",\"logo\":{\"@type\":\"ImageObject\",\"inLanguage\":\"en-US\",\"@id\":\"https:\\\/\\\/edrusbg.com\\\/de\\\/#\\\/schema\\\/logo\\\/image\\\/\",\"url\":\"https:\\\/\\\/edrusbg.com\\\/de\\\/wp-content\\\/uploads\\\/2022\\\/12\\\/cropped-EDRUS-LOGO.png\",\"contentUrl\":\"https:\\\/\\\/edrusbg.com\\\/de\\\/wp-content\\\/uploads\\\/2022\\\/12\\\/cropped-EDRUS-LOGO.png\",\"width\":969,\"height\":323,\"caption\":\"Edrusbg\"},\"image\":{\"@id\":\"https:\\\/\\\/edrusbg.com\\\/de\\\/#\\\/schema\\\/logo\\\/image\\\/\"}}]}<\/script>\n<!-- \/ Yoast SEO Premium plugin. -->","yoast_head_json":{"title":"Studiengeb\u00fchren in Bulgarien 2026 \u2013 Medizin, Zahnmedizin","description":"Entdecken Sie die Studiengeb\u00fchren in Bulgarien: G\u00fcnstige Kosten f\u00fcr Medizin, Zahnmedizin, Pharmazie, Informatik & BWL.","robots":{"index":"index","follow":"follow","max-snippet":"max-snippet:-1","max-image-preview":"max-image-preview:large","max-video-preview":"max-video-preview:-1"},"canonical":"https:\/\/edrusbg.com\/de\/tuition-fees\/","og_locale":"en_US","og_type":"article","og_title":"Studiengeb\u00fchren in Bulgarien","og_description":"Entdecken Sie die Studiengeb\u00fchren in Bulgarien: G\u00fcnstige Kosten f\u00fcr Medizin, Zahnmedizin, Pharmazie, Informatik & BWL.","og_url":"https:\/\/edrusbg.com\/de\/tuition-fees\/","og_site_name":"Edrusbg","article_modified_time":"2025-10-24T17:44:55+00:00","twitter_card":"summary_large_image","twitter_misc":{"Est. reading time":"1 minute"},"schema":{"@context":"https:\/\/schema.org","@graph":[{"@type":"WebPage","@id":"https:\/\/edrusbg.com\/de\/tuition-fees\/","url":"https:\/\/edrusbg.com\/de\/tuition-fees\/","name":"Studiengeb\u00fchren in Bulgarien 2026 \u2013 Medizin, Zahnmedizin","isPartOf":{"@id":"https:\/\/edrusbg.com\/de\/#website"},"datePublished":"2022-11-15T10:52:00+00:00","dateModified":"2025-10-24T17:44:55+00:00","description":"Entdecken Sie die Studiengeb\u00fchren in Bulgarien: G\u00fcnstige Kosten f\u00fcr Medizin, Zahnmedizin, Pharmazie, Informatik & BWL.","breadcrumb":{"@id":"https:\/\/edrusbg.com\/de\/tuition-fees\/#breadcrumb"},"inLanguage":"en-US","potentialAction":[{"@type":"ReadAction","target":["https:\/\/edrusbg.com\/de\/tuition-fees\/"]}]},{"@type":"BreadcrumbList","@id":"https:\/\/edrusbg.com\/de\/tuition-fees\/#breadcrumb","itemListElement":[{"@type":"ListItem","position":1,"name":"Home","item":"https:\/\/edrusbg.com\/de\/"},{"@type":"ListItem","position":2,"name":"Studiengeb\u00fchren in Bulgarien"}]},{"@type":"WebSite","@id":"https:\/\/edrusbg.com\/de\/#website","url":"https:\/\/edrusbg.com\/de\/","name":"Edrusbg","description":"Study in Bulgaria","publisher":{"@id":"https:\/\/edrusbg.com\/de\/#organization"},"potentialAction":[{"@type":"SearchAction","target":{"@type":"EntryPoint","urlTemplate":"https:\/\/edrusbg.com\/de\/?s={search_term_string}"},"query-input":{"@type":"PropertyValueSpecification","valueRequired":true,"valueName":"search_term_string"}}],"inLanguage":"en-US"},{"@type":"Organization","@id":"https:\/\/edrusbg.com\/de\/#organization","name":"Edrusbg","url":"https:\/\/edrusbg.com\/de\/","logo":{"@type":"ImageObject","inLanguage":"en-US","@id":"https:\/\/edrusbg.com\/de\/#\/schema\/logo\/image\/","url":"https:\/\/edrusbg.com\/de\/wp-content\/uploads\/2022\/12\/cropped-EDRUS-LOGO.png","contentUrl":"https:\/\/edrusbg.com\/de\/wp-content\/uploads\/2022\/12\/cropped-EDRUS-LOGO.png","width":969,"height":323,"caption":"Edrusbg"},"image":{"@id":"https:\/\/edrusbg.com\/de\/#\/schema\/logo\/image\/"}}]}},"uagb_featured_image_src":{"full":false,"thumbnail":false,"medium":false,"medium_large":false,"large":false,"1536x1536":false,"2048x2048":false},"uagb_author_info":{"display_name":"admin","author_link":"https:\/\/edrusbg.com\/de\/author\/admin\/"},"uagb_comment_info":0,"uagb_excerpt":"Studiengeb\u00fchren in Bulgarien 2025\u20132026 Planen Sie ein Studium in Bulgarien? Die Studiengeb\u00fchren sind im Vergleich zu vielen anderen europ\u00e4ischen L\u00e4ndern \u00e4u\u00dferst g\u00fcnstig, w\u00e4hrend die Abschl\u00fcsse EU-weit anerkannt und international respektiert sind. Nachfolgend finden Sie die aktuellen Studiengeb\u00fchren 2025\u20132026 f\u00fcr internationale Studierende in den wichtigsten Fachbereichen. Medizin &amp; Zahnmedizin Universit\u00e4t Medizin Zahnmedizin Sofia Medical University \u20ac9.950&hellip;","_links":{"self":[{"href":"https:\/\/edrusbg.com\/de\/wp-json\/wp\/v2\/pages\/1002","targetHints":{"allow":["GET"]}}],"collection":[{"href":"https:\/\/edrusbg.com\/de\/wp-json\/wp\/v2\/pages"}],"about":[{"href":"https:\/\/edrusbg.com\/de\/wp-json\/wp\/v2\/types\/page"}],"author":[{"embeddable":true,"href":"https:\/\/edrusbg.com\/de\/wp-json\/wp\/v2\/users\/1"}],"replies":[{"embeddable":true,"href":"https:\/\/edrusbg.com\/de\/wp-json\/wp\/v2\/comments?post=1002"}],"version-history":[{"count":41,"href":"https:\/\/edrusbg.com\/de\/wp-json\/wp\/v2\/pages\/1002\/revisions"}],"predecessor-version":[{"id":2227,"href":"https:\/\/edrusbg.com\/de\/wp-json\/wp\/v2\/pages\/1002\/revisions\/2227"}],"wp:attachment":[{"href":"https:\/\/edrusbg.com\/de\/wp-json\/wp\/v2\/media?parent=1002"}],"curies":[{"name":"wp","href":"https:\/\/api.w.org\/{rel}","templated":true}]}}